{"id":140,"date":"2025-05-21T09:30:07","date_gmt":"2025-05-21T07:30:07","guid":{"rendered":"https:\/\/art-vigienguyen.fr\/?page_id=140"},"modified":"2026-04-07T17:08:11","modified_gmt":"2026-04-07T15:08:11","slug":"galerie","status":"publish","type":"page","link":"https:\/\/art-vigienguyen.fr\/?page_id=140","title":{"rendered":"Galerie des \u0153uvres de l&rsquo;artiste Vigie NGUYEN"},"content":{"rendered":"\n<div style=\"height:50px\" aria-hidden=\"true\" class=\"wp-block-spacer\"><\/div>\n\n\n\n<h1 class=\"wp-block-heading has-ast-global-color-1-color has-text-color has-link-color wp-elements-daa6670018e4c5b206a02965c8a205d2\">Galerie des \u0153uvres de Vigie<\/h1>\n\n\n\n<h4 class=\"wp-block-heading\">Explorez son univers!<\/h4>\n\n\n\n<p class=\"has-ast-global-color-3-color has-text-color has-link-color has-medium-font-size wp-elements-d3de979be203efae4b32afb8d6f89b7a\">Portraitiste, Vigie aime dessiner ou peindre les personnes qui l&rsquo;inspirent, mais surtout les fleurs. Peinture \u00e0 l&rsquo;huile, dessin \u00e0 la sanguine, \u00e0 la mine graphite, et surtout aux crayons de couleurs aquarellables et \u00e0 l&rsquo;huile. <br>Elle adapte le support et la technique en fonction de ce qu&rsquo;elle souhaite exprimer.<\/p>\n\n\n\n<p class=\"has-ast-global-color-3-color has-text-color has-link-color has-medium-font-size wp-elements-832ba5ac1b5a5c6745c21c96ce3331d0\">D\u00e9couvrez ici ses peintures et dessins originaux, disponibles \u00e0 la vente,  ainsi que ceux qu&rsquo;elle propose en tirages en \u00e9dition limit\u00e9e.<br>Toutes ses \u0153uvres sont sign\u00e9es et num\u00e9rot\u00e9es.<\/p>\n\n\n\n<div style=\"height:20px\" aria-hidden=\"true\" class=\"wp-block-spacer\"><\/div>\n\n\n\n<h4 class=\"wp-block-heading\">Une petite image cache bien plus!<\/h4>\n\n\n\n<p class=\"has-ast-global-color-3-color has-text-color has-link-color has-medium-font-size wp-elements-1e7f04122149eb168b2b26b4771709f7\">Cliquez sur chaque image vous permettra de d\u00e9couvrir plus en d\u00e9tails, l&rsquo;\u0153uvre: technique, dimensions, ann\u00e9e de cr\u00e9ation, etc.<\/p>\n\n\n\n<p class=\"has-ast-global-color-3-color has-text-color has-link-color has-medium-font-size wp-elements-a2c4ed193acaa1de403a3f5d5f812ef5\">Vous pourrez ensuite vous laissez s\u00e9duire par celle qui vous parle le plus.<\/p>\n\n\n\n<p class=\"has-ast-global-color-0-color has-text-color has-link-color has-medium-font-size wp-elements-132ca4bee0e7be2bbd6f2006524b5f4f\">Choisissez votre th\u00e8me favori: <a href=\"#lesfleurs\">les fleurs<\/a> \/ <a href=\"#lesportraits\">les portraits<\/a>\/<a href=\"#ladanse\">la danse<\/a><\/p>\n\n\n\n<div style=\"height:50px\" aria-hidden=\"true\" class=\"wp-block-spacer\"><\/div>\n\n\n\n<h3 class=\"wp-block-heading has-ast-global-color-1-color has-text-color has-link-color wp-elements-7a98aa4790c54086e6abb1398f0a7dc7\" id=\"lesfleurs\">Les fleurs<\/h3>\n\n\n\n<figure class=\"wp-block-gallery has-nested-images columns-4 has-border-color has-ast-global-color-0-border-color wp-block-gallery-1 is-layout-flex wp-block-gallery-is-layout-flex\" style=\"border-width:1px;border-radius:0px;padding-top:var(--wp--preset--spacing--50);padding-right:var(--wp--preset--spacing--50);padding-bottom:var(--wp--preset--spacing--50);padding-left:var(--wp--preset--spacing--50)\">\n<figure class=\"wp-block-image size-full\"><a href=\"https:\/\/art-vigienguyen.fr\/?page_id=176\" target=\"_blank\" rel=\" noreferrer noopener\"><img fetchpriority=\"high\" decoding=\"async\" width=\"1000\" height=\"714\" data-id=\"309\" src=\"http:\/\/art-vigienguyen.fr\/wp-content\/uploads\/2025\/05\/La_fleur_d_hibiscus.jpg\" alt=\"Dessin d'une fleur d'hibiscus, dans des teintes de violets, sur fond noir.\" class=\"wp-image-309\" srcset=\"https:\/\/art-vigienguyen.fr\/wp-content\/uploads\/2025\/05\/La_fleur_d_hibiscus.jpg 1000w, https:\/\/art-vigienguyen.fr\/wp-content\/uploads\/2025\/05\/La_fleur_d_hibiscus-300x214.jpg 300w, https:\/\/art-vigienguyen.fr\/wp-content\/uploads\/2025\/05\/La_fleur_d_hibiscus-768x548.jpg 768w\" sizes=\"(max-width: 1000px) 100vw, 1000px\" \/><\/a><\/figure>\n\n\n\n<figure class=\"wp-block-image size-full\"><a href=\"https:\/\/art-vigienguyen.fr\/?page_id=165\" target=\"_blank\" rel=\" noreferrer noopener\"><img decoding=\"async\" width=\"1000\" height=\"713\" data-id=\"368\" src=\"http:\/\/art-vigienguyen.fr\/wp-content\/uploads\/2025\/05\/LP-1.jpg\" alt=\"Deux fleurs de magnolias dans les teintes de roses, dessin\u00e9es sur fond gris\" class=\"wp-image-368\" srcset=\"https:\/\/art-vigienguyen.fr\/wp-content\/uploads\/2025\/05\/LP-1.jpg 1000w, https:\/\/art-vigienguyen.fr\/wp-content\/uploads\/2025\/05\/LP-1-300x214.jpg 300w, https:\/\/art-vigienguyen.fr\/wp-content\/uploads\/2025\/05\/LP-1-768x548.jpg 768w\" sizes=\"(max-width: 1000px) 100vw, 1000px\" \/><\/a><\/figure>\n\n\n\n<figure class=\"wp-block-image size-full\"><a href=\"https:\/\/art-vigienguyen.fr\/?page_id=162\" target=\"_blank\" rel=\" noreferrer noopener\"><img decoding=\"async\" width=\"1000\" height=\"714\" data-id=\"311\" src=\"http:\/\/art-vigienguyen.fr\/wp-content\/uploads\/2025\/05\/magnolias_for_ever.jpg\" alt=\"Dessin de 3 fleurs de magnolias, dans les teintes de roses, sur fond violet\" class=\"wp-image-311\" srcset=\"https:\/\/art-vigienguyen.fr\/wp-content\/uploads\/2025\/05\/magnolias_for_ever.jpg 1000w, https:\/\/art-vigienguyen.fr\/wp-content\/uploads\/2025\/05\/magnolias_for_ever-300x214.jpg 300w, https:\/\/art-vigienguyen.fr\/wp-content\/uploads\/2025\/05\/magnolias_for_ever-768x548.jpg 768w\" sizes=\"(max-width: 1000px) 100vw, 1000px\" \/><\/a><\/figure>\n\n\n\n<figure class=\"wp-block-image size-full\"><a href=\"https:\/\/art-vigienguyen.fr\/?page_id=167\" target=\"_blank\" rel=\" noreferrer noopener\"><img loading=\"lazy\" decoding=\"async\" width=\"1000\" height=\"706\" data-id=\"80\" src=\"http:\/\/art-vigienguyen.fr\/wp-content\/uploads\/2025\/05\/MG.jpg\" alt=\"Dessin de deux magnolias dans les teintes de gris, sur fond gris.\" class=\"wp-image-80\" srcset=\"https:\/\/art-vigienguyen.fr\/wp-content\/uploads\/2025\/05\/MG.jpg 1000w, https:\/\/art-vigienguyen.fr\/wp-content\/uploads\/2025\/05\/MG-300x212.jpg 300w, https:\/\/art-vigienguyen.fr\/wp-content\/uploads\/2025\/05\/MG-768x542.jpg 768w\" sizes=\"(max-width: 1000px) 100vw, 1000px\" \/><\/a><\/figure>\n\n\n\n<figure class=\"wp-block-image size-full\"><a href=\"https:\/\/art-vigienguyen.fr\/?page_id=171\" target=\"_blank\" rel=\" noreferrer noopener\"><img loading=\"lazy\" decoding=\"async\" width=\"1000\" height=\"712\" data-id=\"310\" src=\"http:\/\/art-vigienguyen.fr\/wp-content\/uploads\/2025\/05\/La_vie_en_rose.jpg\" alt=\"Dessin d'une rose dans les teintes de roses, sur fond violet.\" class=\"wp-image-310\" srcset=\"https:\/\/art-vigienguyen.fr\/wp-content\/uploads\/2025\/05\/La_vie_en_rose.jpg 1000w, https:\/\/art-vigienguyen.fr\/wp-content\/uploads\/2025\/05\/La_vie_en_rose-300x214.jpg 300w, https:\/\/art-vigienguyen.fr\/wp-content\/uploads\/2025\/05\/La_vie_en_rose-768x547.jpg 768w\" sizes=\"(max-width: 1000px) 100vw, 1000px\" \/><\/a><\/figure>\n\n\n\n<figure class=\"wp-block-image size-full\"><a href=\"https:\/\/art-vigienguyen.fr\/?page_id=748\" target=\"_blank\" rel=\" noreferrer noopener\"><img loading=\"lazy\" decoding=\"async\" width=\"1000\" height=\"701\" data-id=\"820\" src=\"http:\/\/art-vigienguyen.fr\/wp-content\/uploads\/2025\/06\/My-remedy2.jpg\" alt=\"Dessin d'une jacinthe dans les teinte de bleus, sur fond violet.\" class=\"wp-image-820\" srcset=\"https:\/\/art-vigienguyen.fr\/wp-content\/uploads\/2025\/06\/My-remedy2.jpg 1000w, https:\/\/art-vigienguyen.fr\/wp-content\/uploads\/2025\/06\/My-remedy2-300x210.jpg 300w, https:\/\/art-vigienguyen.fr\/wp-content\/uploads\/2025\/06\/My-remedy2-768x538.jpg 768w\" sizes=\"(max-width: 1000px) 100vw, 1000px\" \/><\/a><\/figure>\n\n\n\n<figure class=\"wp-block-image size-full\"><a href=\"https:\/\/art-vigienguyen.fr\/?page_id=173\" target=\"_blank\" rel=\" noreferrer noopener\"><img loading=\"lazy\" decoding=\"async\" width=\"999\" height=\"716\" data-id=\"308\" src=\"http:\/\/art-vigienguyen.fr\/wp-content\/uploads\/2025\/05\/La_coquette_pour-site.jpg\" alt=\"Dessin original d'une fleur de n\u00e9nuphar, dans des teintes de bleus, sur fond bleu\" class=\"wp-image-308\" srcset=\"https:\/\/art-vigienguyen.fr\/wp-content\/uploads\/2025\/05\/La_coquette_pour-site.jpg 999w, https:\/\/art-vigienguyen.fr\/wp-content\/uploads\/2025\/05\/La_coquette_pour-site-300x215.jpg 300w, https:\/\/art-vigienguyen.fr\/wp-content\/uploads\/2025\/05\/La_coquette_pour-site-768x550.jpg 768w\" sizes=\"(max-width: 999px) 100vw, 999px\" \/><\/a><\/figure>\n\n\n\n<figure class=\"wp-block-image size-full\"><a href=\"https:\/\/art-vigienguyen.fr\/?page_id=1395\" target=\"_blank\" rel=\" noreferrer noopener\"><img loading=\"lazy\" decoding=\"async\" width=\"1000\" height=\"712\" data-id=\"1394\" src=\"http:\/\/art-vigienguyen.fr\/wp-content\/uploads\/2025\/08\/DSMN.jpg\" alt=\"Dessin d'une fleur d'orchid\u00e9e rose\" class=\"wp-image-1394\" srcset=\"https:\/\/art-vigienguyen.fr\/wp-content\/uploads\/2025\/08\/DSMN.jpg 1000w, https:\/\/art-vigienguyen.fr\/wp-content\/uploads\/2025\/08\/DSMN-300x214.jpg 300w, https:\/\/art-vigienguyen.fr\/wp-content\/uploads\/2025\/08\/DSMN-768x547.jpg 768w\" sizes=\"(max-width: 1000px) 100vw, 1000px\" \/><\/a><\/figure>\n\n\n\n<figure class=\"wp-block-image size-full\"><a href=\"https:\/\/art-vigienguyen.fr\/?page_id=190\"><img loading=\"lazy\" decoding=\"async\" width=\"712\" height=\"999\" data-id=\"1841\" src=\"https:\/\/art-vigienguyen.fr\/wp-content\/uploads\/2026\/03\/MaDameEnNoir-site.jpg\" alt=\"\" class=\"wp-image-1841\" srcset=\"https:\/\/art-vigienguyen.fr\/wp-content\/uploads\/2026\/03\/MaDameEnNoir-site.jpg 712w, https:\/\/art-vigienguyen.fr\/wp-content\/uploads\/2026\/03\/MaDameEnNoir-site-214x300.jpg 214w\" sizes=\"(max-width: 712px) 100vw, 712px\" \/><\/a><\/figure>\n\n\n\n<figure class=\"wp-block-image size-full\"><a href=\"https:\/\/art-vigienguyen.fr\/?page_id=178\" target=\"_blank\" rel=\" noreferrer noopener\"><img loading=\"lazy\" decoding=\"async\" width=\"756\" height=\"1000\" data-id=\"418\" src=\"http:\/\/art-vigienguyen.fr\/wp-content\/uploads\/2025\/05\/en-duo.jpg\" alt=\"2 fleurs d'hibiscus violettes peintes \u00e0 l'huile sur fond noir\" class=\"wp-image-418\" srcset=\"https:\/\/art-vigienguyen.fr\/wp-content\/uploads\/2025\/05\/en-duo.jpg 756w, https:\/\/art-vigienguyen.fr\/wp-content\/uploads\/2025\/05\/en-duo-227x300.jpg 227w\" sizes=\"(max-width: 756px) 100vw, 756px\" \/><\/a><\/figure>\n\n\n\n<figure class=\"wp-block-image size-full\"><a href=\"https:\/\/art-vigienguyen.fr\/?page_id=147\" target=\"_blank\" rel=\" noreferrer noopener\"><img loading=\"lazy\" decoding=\"async\" width=\"709\" height=\"991\" data-id=\"77\" src=\"http:\/\/art-vigienguyen.fr\/wp-content\/uploads\/2025\/05\/LaFleurDeLAge_Site.jpg\" alt=\"Dessin du c\u0153ur d'une an\u00e9mone dans les teintes violettes et bleues.\" class=\"wp-image-77\" srcset=\"https:\/\/art-vigienguyen.fr\/wp-content\/uploads\/2025\/05\/LaFleurDeLAge_Site.jpg 709w, https:\/\/art-vigienguyen.fr\/wp-content\/uploads\/2025\/05\/LaFleurDeLAge_Site-215x300.jpg 215w\" sizes=\"(max-width: 709px) 100vw, 709px\" \/><\/a><\/figure>\n\n\n\n<figure class=\"wp-block-image size-large\"><a href=\"https:\/\/art-vigienguyen.fr\/?page_id=1977\" target=\"_blank\" rel=\" noreferrer noopener\"><img loading=\"lazy\" decoding=\"async\" width=\"709\" height=\"1000\" data-id=\"1978\" src=\"https:\/\/art-vigienguyen.fr\/wp-content\/uploads\/2026\/04\/Across-the-univers.jpg\" alt=\"Dessin d'un lotus sacr\u00e9 dans les teintes orang\u00e9es, roses et dor\u00e9es.\" class=\"wp-image-1978\" srcset=\"https:\/\/art-vigienguyen.fr\/wp-content\/uploads\/2026\/04\/Across-the-univers.jpg 709w, https:\/\/art-vigienguyen.fr\/wp-content\/uploads\/2026\/04\/Across-the-univers-213x300.jpg 213w\" sizes=\"(max-width: 709px) 100vw, 709px\" \/><\/a><\/figure>\n\n\n\n<figure class=\"wp-block-image size-full\"><a href=\"https:\/\/art-vigienguyen.fr\/?page_id=181\" target=\"_blank\" rel=\" noreferrer noopener\"><img loading=\"lazy\" decoding=\"async\" width=\"996\" height=\"992\" data-id=\"356\" src=\"http:\/\/art-vigienguyen.fr\/wp-content\/uploads\/2025\/05\/La-grande-orchidee.jpg\" alt=\"Peinture du c\u0153ur d'une orchid\u00e9e dans les teintes rose et jaunes\" class=\"wp-image-356\" srcset=\"https:\/\/art-vigienguyen.fr\/wp-content\/uploads\/2025\/05\/La-grande-orchidee.jpg 996w, https:\/\/art-vigienguyen.fr\/wp-content\/uploads\/2025\/05\/La-grande-orchidee-300x300.jpg 300w, https:\/\/art-vigienguyen.fr\/wp-content\/uploads\/2025\/05\/La-grande-orchidee-150x150.jpg 150w, https:\/\/art-vigienguyen.fr\/wp-content\/uploads\/2025\/05\/La-grande-orchidee-768x765.jpg 768w\" sizes=\"(max-width: 996px) 100vw, 996px\" \/><\/a><\/figure>\n\n\n\n<figure class=\"wp-block-image size-full\"><a href=\"https:\/\/art-vigienguyen.fr\/?page_id=187\" target=\"_blank\" rel=\" noreferrer noopener\"><img loading=\"lazy\" decoding=\"async\" width=\"1000\" height=\"786\" data-id=\"75\" src=\"http:\/\/art-vigienguyen.fr\/wp-content\/uploads\/2025\/05\/La_petite_orchidee.jpg\" alt=\"Peinture \u00e0 l'huile intitul\u00e9e &quot;la petite orchid\u00e9e&quot;, repr\u00e9sentant dans des teintes blanches, grises, jaunes et rouges, le c\u0153ur d'une orchid\u00e9e.\" class=\"wp-image-75\" srcset=\"https:\/\/art-vigienguyen.fr\/wp-content\/uploads\/2025\/05\/La_petite_orchidee.jpg 1000w, https:\/\/art-vigienguyen.fr\/wp-content\/uploads\/2025\/05\/La_petite_orchidee-300x236.jpg 300w, https:\/\/art-vigienguyen.fr\/wp-content\/uploads\/2025\/05\/La_petite_orchidee-768x604.jpg 768w\" sizes=\"(max-width: 1000px) 100vw, 1000px\" \/><\/a><\/figure>\n\n\n\n<figure class=\"wp-block-image size-full\"><a href=\"https:\/\/art-vigienguyen.fr\/?page_id=1167\" target=\"_blank\" rel=\" noreferrer noopener\"><img loading=\"lazy\" decoding=\"async\" width=\"1000\" height=\"700\" data-id=\"1482\" src=\"http:\/\/art-vigienguyen.fr\/wp-content\/uploads\/2025\/09\/HALLELUJAH.jpg\" alt=\"Dessin dans les tons bleus et violets d'une fleur d'hortensia.\" class=\"wp-image-1482\" srcset=\"https:\/\/art-vigienguyen.fr\/wp-content\/uploads\/2025\/09\/HALLELUJAH.jpg 1000w, https:\/\/art-vigienguyen.fr\/wp-content\/uploads\/2025\/09\/HALLELUJAH-300x210.jpg 300w, https:\/\/art-vigienguyen.fr\/wp-content\/uploads\/2025\/09\/HALLELUJAH-768x538.jpg 768w\" sizes=\"(max-width: 1000px) 100vw, 1000px\" \/><\/a><\/figure>\n\n\n\n<figure class=\"wp-block-image size-full\"><a href=\"https:\/\/art-vigienguyen.fr\/?page_id=1519\" target=\"_blank\" rel=\" noreferrer noopener\"><img loading=\"lazy\" decoding=\"async\" width=\"1000\" height=\"702\" data-id=\"1521\" src=\"http:\/\/art-vigienguyen.fr\/wp-content\/uploads\/2025\/10\/daark-angel.jpg\" alt=\"Dessin d'une fleur d'orchid\u00e9e sur papier noir\" class=\"wp-image-1521\" srcset=\"https:\/\/art-vigienguyen.fr\/wp-content\/uploads\/2025\/10\/daark-angel.jpg 1000w, https:\/\/art-vigienguyen.fr\/wp-content\/uploads\/2025\/10\/daark-angel-300x211.jpg 300w, https:\/\/art-vigienguyen.fr\/wp-content\/uploads\/2025\/10\/daark-angel-768x539.jpg 768w\" sizes=\"(max-width: 1000px) 100vw, 1000px\" \/><\/a><\/figure>\n\n\n\n<figure class=\"wp-block-image size-full\"><a href=\"https:\/\/art-vigienguyen.fr\/?page_id=1561\" target=\"_blank\" rel=\" noreferrer noopener\"><img loading=\"lazy\" decoding=\"async\" width=\"1000\" height=\"708\" data-id=\"1563\" src=\"http:\/\/art-vigienguyen.fr\/wp-content\/uploads\/2025\/10\/OOF1.jpg\" alt=\"Dessin d'un dahlia sur papier noir\" class=\"wp-image-1563\" srcset=\"https:\/\/art-vigienguyen.fr\/wp-content\/uploads\/2025\/10\/OOF1.jpg 1000w, https:\/\/art-vigienguyen.fr\/wp-content\/uploads\/2025\/10\/OOF1-300x212.jpg 300w, https:\/\/art-vigienguyen.fr\/wp-content\/uploads\/2025\/10\/OOF1-768x544.jpg 768w\" sizes=\"(max-width: 1000px) 100vw, 1000px\" \/><\/a><\/figure>\n<\/figure>\n\n\n\n<div style=\"height:50px\" aria-hidden=\"true\" class=\"wp-block-spacer\"><\/div>\n\n\n\n<h3 class=\"wp-block-heading has-ast-global-color-1-color has-text-color has-link-color wp-elements-afd462e2bd9133aa71f6498d14599ffe\" id=\"lesportraits\">Les portraits<\/h3>\n\n\n\n<div class=\"wp-block-columns is-layout-flex wp-container-core-columns-is-layout-28f84493 wp-block-columns-is-layout-flex\">\n<div class=\"wp-block-column is-layout-flow wp-block-column-is-layout-flow\" style=\"flex-basis:100%\">\n<figure class=\"wp-block-gallery has-nested-images columns-4 has-border-color has-ast-global-color-1-border-color wp-block-gallery-2 is-layout-flex wp-block-gallery-is-layout-flex\" style=\"border-width:1px;padding-top:var(--wp--preset--spacing--50);padding-right:var(--wp--preset--spacing--50);padding-bottom:var(--wp--preset--spacing--50);padding-left:var(--wp--preset--spacing--50)\">\n<figure class=\"wp-block-image size-full\"><a href=\"https:\/\/art-vigienguyen.fr\/?page_id=197\"><img loading=\"lazy\" decoding=\"async\" width=\"729\" height=\"1000\" data-id=\"1845\" src=\"https:\/\/art-vigienguyen.fr\/wp-content\/uploads\/2026\/03\/SISTER.jpg\" alt=\"\" class=\"wp-image-1845\" srcset=\"https:\/\/art-vigienguyen.fr\/wp-content\/uploads\/2026\/03\/SISTER.jpg 729w, https:\/\/art-vigienguyen.fr\/wp-content\/uploads\/2026\/03\/SISTER-219x300.jpg 219w\" sizes=\"(max-width: 729px) 100vw, 729px\" \/><\/a><\/figure>\n\n\n\n<figure class=\"wp-block-image size-full is-style-default\"><a href=\"https:\/\/art-vigienguyen.fr\/?page_id=199\" target=\"_blank\" rel=\" noreferrer noopener\"><img loading=\"lazy\" decoding=\"async\" width=\"944\" height=\"705\" data-id=\"384\" src=\"http:\/\/art-vigienguyen.fr\/wp-content\/uploads\/2025\/05\/Ton-Regard-1.jpg\" alt=\"Dessin sur toile d'un \u0153il en noir et blanc\" class=\"wp-image-384\" srcset=\"https:\/\/art-vigienguyen.fr\/wp-content\/uploads\/2025\/05\/Ton-Regard-1.jpg 944w, https:\/\/art-vigienguyen.fr\/wp-content\/uploads\/2025\/05\/Ton-Regard-1-300x224.jpg 300w, https:\/\/art-vigienguyen.fr\/wp-content\/uploads\/2025\/05\/Ton-Regard-1-768x574.jpg 768w\" sizes=\"(max-width: 944px) 100vw, 944px\" \/><\/a><\/figure>\n\n\n\n<figure class=\"wp-block-image size-full\"><a href=\"https:\/\/art-vigienguyen.fr\/?page_id=201\"><img loading=\"lazy\" decoding=\"async\" width=\"472\" height=\"643\" data-id=\"1843\" src=\"https:\/\/art-vigienguyen.fr\/wp-content\/uploads\/2026\/03\/yeux_sanguine.jpg\" alt=\"\" class=\"wp-image-1843\" srcset=\"https:\/\/art-vigienguyen.fr\/wp-content\/uploads\/2026\/03\/yeux_sanguine.jpg 472w, https:\/\/art-vigienguyen.fr\/wp-content\/uploads\/2026\/03\/yeux_sanguine-220x300.jpg 220w\" sizes=\"(max-width: 472px) 100vw, 472px\" \/><\/a><\/figure>\n\n\n\n<figure class=\"wp-block-image size-full\"><a href=\"https:\/\/art-vigienguyen.fr\/?page_id=388\" target=\"_blank\" rel=\" noreferrer noopener\"><img loading=\"lazy\" decoding=\"async\" width=\"727\" height=\"1000\" data-id=\"417\" src=\"http:\/\/art-vigienguyen.fr\/wp-content\/uploads\/2025\/05\/Marie-1.jpg\" alt=\"Portrait d'une femme de face, portant un voile sur sa t\u00eate, en noir et blanc.\" class=\"wp-image-417\" srcset=\"https:\/\/art-vigienguyen.fr\/wp-content\/uploads\/2025\/05\/Marie-1.jpg 727w, https:\/\/art-vigienguyen.fr\/wp-content\/uploads\/2025\/05\/Marie-1-218x300.jpg 218w\" sizes=\"(max-width: 727px) 100vw, 727px\" \/><\/a><\/figure>\n\n\n\n<figure class=\"wp-block-image size-full\"><a href=\"https:\/\/art-vigienguyen.fr\/?page_id=195\"><img loading=\"lazy\" decoding=\"async\" width=\"714\" height=\"1000\" data-id=\"1844\" src=\"https:\/\/art-vigienguyen.fr\/wp-content\/uploads\/2026\/03\/Love_is_all.jpg\" alt=\"\" class=\"wp-image-1844\" srcset=\"https:\/\/art-vigienguyen.fr\/wp-content\/uploads\/2026\/03\/Love_is_all.jpg 714w, https:\/\/art-vigienguyen.fr\/wp-content\/uploads\/2026\/03\/Love_is_all-214x300.jpg 214w\" sizes=\"(max-width: 714px) 100vw, 714px\" \/><\/a><\/figure>\n\n\n\n<figure class=\"wp-block-image size-full\"><a href=\"https:\/\/art-vigienguyen.fr\/?page_id=866\" target=\"_blank\" rel=\" noreferrer noopener\"><img loading=\"lazy\" decoding=\"async\" width=\"1000\" height=\"921\" data-id=\"860\" src=\"http:\/\/art-vigienguyen.fr\/wp-content\/uploads\/2025\/06\/Simone.jpg\" alt=\"Portrait de Simone Veil dessin\u00e9 en noir et blanc.\" class=\"wp-image-860\" srcset=\"https:\/\/art-vigienguyen.fr\/wp-content\/uploads\/2025\/06\/Simone.jpg 1000w, https:\/\/art-vigienguyen.fr\/wp-content\/uploads\/2025\/06\/Simone-300x276.jpg 300w, https:\/\/art-vigienguyen.fr\/wp-content\/uploads\/2025\/06\/Simone-768x707.jpg 768w\" sizes=\"(max-width: 1000px) 100vw, 1000px\" \/><\/a><\/figure>\n\n\n\n<figure class=\"wp-block-image size-full\"><a href=\"https:\/\/art-vigienguyen.fr\/?page_id=193\" target=\"_blank\" rel=\" noreferrer noopener\"><img loading=\"lazy\" decoding=\"async\" width=\"487\" height=\"643\" data-id=\"81\" src=\"http:\/\/art-vigienguyen.fr\/wp-content\/uploads\/2025\/05\/portrait_josephine.jpg\" alt=\"Portrait en noir et blanc d'une femme, Jos\u00e9phine Baker, serrant contre elle un enfant.\" class=\"wp-image-81\" srcset=\"https:\/\/art-vigienguyen.fr\/wp-content\/uploads\/2025\/05\/portrait_josephine.jpg 487w, https:\/\/art-vigienguyen.fr\/wp-content\/uploads\/2025\/05\/portrait_josephine-227x300.jpg 227w\" sizes=\"(max-width: 487px) 100vw, 487px\" \/><\/a><\/figure>\n<\/figure>\n<\/div>\n<\/div>\n\n\n\n<div style=\"height:50px\" aria-hidden=\"true\" class=\"wp-block-spacer\"><\/div>\n\n\n\n<h3 class=\"wp-block-heading has-ast-global-color-1-color has-text-color has-link-color wp-elements-dd1a7283327521a759bd527d5619443b\" id=\"ladanse\">La danse<\/h3>\n\n\n\n<figure class=\"wp-block-gallery has-nested-images columns-default is-cropped has-border-color has-ast-global-color-1-border-color wp-block-gallery-3 is-layout-flex wp-block-gallery-is-layout-flex\" style=\"border-width:1px;padding-top:var(--wp--preset--spacing--50);padding-right:var(--wp--preset--spacing--50);padding-bottom:var(--wp--preset--spacing--50);padding-left:var(--wp--preset--spacing--50)\">\n<figure class=\"wp-block-image size-full\"><a href=\"https:\/\/art-vigienguyen.fr\/?page_id=203\" target=\"_blank\" rel=\" noreferrer noopener\"><img loading=\"lazy\" decoding=\"async\" width=\"691\" height=\"1000\" data-id=\"312\" src=\"http:\/\/art-vigienguyen.fr\/wp-content\/uploads\/2025\/05\/TESSA.jpg\" alt=\"Dessin des pointes d'une danseuse, en d\u00e9grad\u00e9 de gris, sur fond moka.\" class=\"wp-image-312\" srcset=\"https:\/\/art-vigienguyen.fr\/wp-content\/uploads\/2025\/05\/TESSA.jpg 691w, https:\/\/art-vigienguyen.fr\/wp-content\/uploads\/2025\/05\/TESSA-207x300.jpg 207w\" sizes=\"(max-width: 691px) 100vw, 691px\" \/><\/a><\/figure>\n\n\n\n<figure class=\"wp-block-image size-full\"><a href=\"https:\/\/art-vigienguyen.fr\/?page_id=207\" target=\"_blank\" rel=\" noreferrer noopener\"><img loading=\"lazy\" decoding=\"async\" width=\"786\" height=\"1000\" data-id=\"442\" src=\"http:\/\/art-vigienguyen.fr\/wp-content\/uploads\/2025\/05\/Danse-avec-ton-ame.jpg\" alt=\"Dessin \u00e0 la sanguine. Pointes de danseuse\" class=\"wp-image-442\" srcset=\"https:\/\/art-vigienguyen.fr\/wp-content\/uploads\/2025\/05\/Danse-avec-ton-ame.jpg 786w, https:\/\/art-vigienguyen.fr\/wp-content\/uploads\/2025\/05\/Danse-avec-ton-ame-236x300.jpg 236w, https:\/\/art-vigienguyen.fr\/wp-content\/uploads\/2025\/05\/Danse-avec-ton-ame-768x977.jpg 768w\" sizes=\"(max-width: 786px) 100vw, 786px\" \/><\/a><\/figure>\n<\/figure>\n\n\n\n<p><\/p>\n","protected":false},"excerpt":{"rendered":"<p>Galerie des \u0153uvres de Vigie Explorez son univers! Portraitiste, Vigie aime dessiner ou peindre les personnes qui l&rsquo;inspirent, mais surtout [&hellip;]<\/p>\n","protected":false},"author":1,"featured_media":0,"parent":0,"menu_order":0,"comment_status":"closed","ping_status":"closed","template":"","meta":{"site-sidebar-layout":"default","site-content-layout":"","ast-site-content-layout":"","site-content-style":"default","site-sidebar-style":"default","ast-global-header-display":"","ast-banner-title-visibility":"","ast-main-header-display":"","ast-hfb-above-header-display":"","ast-hfb-below-header-display":"","ast-hfb-mobile-header-display":"","site-post-title":"disabled","ast-breadcrumbs-content":"","ast-featured-img":"","footer-sml-layout":"","ast-disable-related-posts":"","theme-transparent-header-meta":"","adv-header-id-meta":"","stick-header-meta":"","header-above-stick-meta":"","header-main-stick-meta":"","header-below-stick-meta":"","astra-migrate-meta-layouts":"default","ast-page-background-enabled":"default","ast-page-background-meta":{"desktop":{"background-color":"var(--ast-global-color-5)","background-image":"","background-repeat":"repeat","background-position":"center center","background-size":"auto","background-attachment":"scroll","background-type":"","background-media":"","overlay-type":"","overlay-color":"","overlay-opacity":"","overlay-gradient":""},"tablet":{"background-color":"","background-image":"","background-repeat":"repeat","background-position":"center center","background-size":"auto","background-attachment":"scroll","background-type":"","background-media":"","overlay-type":"","overlay-color":"","overlay-opacity":"","overlay-gradient":""},"mobile":{"background-color":"","background-image":"","background-repeat":"repeat","background-position":"center center","background-size":"auto","background-attachment":"scroll","background-type":"","background-media":"","overlay-type":"","overlay-color":"","overlay-opacity":"","overlay-gradient":""}},"ast-content-background-meta":{"desktop":{"background-color":"var(--ast-global-color-4)","background-image":"","background-repeat":"repeat","background-position":"center center","background-size":"auto","background-attachment":"scroll","background-type":"","background-media":"","overlay-type":"","overlay-color":"","overlay-opacity":"","overlay-gradient":""},"tablet":{"background-color":"var(--ast-global-color-4)","background-image":"","background-repeat":"repeat","background-position":"center center","background-size":"auto","background-attachment":"scroll","background-type":"","background-media":"","overlay-type":"","overlay-color":"","overlay-opacity":"","overlay-gradient":""},"mobile":{"background-color":"var(--ast-global-color-4)","background-image":"","background-repeat":"repeat","background-position":"center center","background-size":"auto","background-attachment":"scroll","background-type":"","background-media":"","overlay-type":"","overlay-color":"","overlay-opacity":"","overlay-gradient":""}},"footnotes":""},"class_list":["post-140","page","type-page","status-publish","hentry"],"aioseo_notices":[],"_links":{"self":[{"href":"https:\/\/art-vigienguyen.fr\/index.php?rest_route=\/wp\/v2\/pages\/140","targetHints":{"allow":["GET"]}}],"collection":[{"href":"https:\/\/art-vigienguyen.fr\/index.php?rest_route=\/wp\/v2\/pages"}],"about":[{"href":"https:\/\/art-vigienguyen.fr\/index.php?rest_route=\/wp\/v2\/types\/page"}],"author":[{"embeddable":true,"href":"https:\/\/art-vigienguyen.fr\/index.php?rest_route=\/wp\/v2\/users\/1"}],"replies":[{"embeddable":true,"href":"https:\/\/art-vigienguyen.fr\/index.php?rest_route=%2Fwp%2Fv2%2Fcomments&post=140"}],"version-history":[{"count":138,"href":"https:\/\/art-vigienguyen.fr\/index.php?rest_route=\/wp\/v2\/pages\/140\/revisions"}],"predecessor-version":[{"id":1998,"href":"https:\/\/art-vigienguyen.fr\/index.php?rest_route=\/wp\/v2\/pages\/140\/revisions\/1998"}],"wp:attachment":[{"href":"https:\/\/art-vigienguyen.fr\/index.php?rest_route=%2Fwp%2Fv2%2Fmedia&parent=140"}],"curies":[{"name":"wp","href":"https:\/\/api.w.org\/{rel}","templated":true}]}}