{"id":142,"date":"2025-05-22T14:59:30","date_gmt":"2025-05-22T12:59:30","guid":{"rendered":"https:\/\/art-vigienguyen.fr\/?page_id=142"},"modified":"2025-09-29T14:13:37","modified_gmt":"2025-09-29T12:13:37","slug":"protection-et-expedition","status":"publish","type":"page","link":"https:\/\/art-vigienguyen.fr\/?page_id=142","title":{"rendered":"Protection et exp\u00e9dition des \u0153uvres de Vigie NGUYEN."},"content":{"rendered":"\n<div class=\"wp-block-columns is-layout-flex wp-container-core-columns-is-layout-28f84493 wp-block-columns-is-layout-flex\">\n<div class=\"wp-block-column is-layout-flow wp-block-column-is-layout-flow\" style=\"flex-basis:66.66%\">\n<h1 class=\"wp-block-heading\">Protection et exp\u00e9dition<\/h1>\n\n\n\n<div style=\"height:30px\" aria-hidden=\"true\" class=\"wp-block-spacer\"><\/div>\n\n\n\n<h3 class=\"wp-block-heading has-ast-global-color-0-color has-text-color has-link-color wp-elements-37363ad477305223e3bfcc3957b780d7\"><strong>Protection des \u0153uvres pour leur exp\u00e9dition<\/strong><\/h3>\n\n\n\n<ul class=\"wp-block-list has-ast-global-color-3-color has-text-color has-link-color has-medium-font-size wp-elements-d892315980d0eaf004a8c4d06cc32e54\">\n<li>Chaque dessin et tirage en \u00e9dition limit\u00e9 est envelopp\u00e9 de papier de soie, roul\u00e9 et mis dans un tube de transport.<\/li>\n\n\n\n<li>Les toiles sont exp\u00e9di\u00e9es dans des boites de transport pr\u00e9vues \u00e0 cet effet.<\/li>\n<\/ul>\n\n\n\n<h3 class=\"wp-block-heading has-ast-global-color-0-color has-text-color has-link-color wp-elements-76053a16d3dfceb112e425fb28f86b80\" style=\"padding-top:var(--wp--preset--spacing--20);padding-bottom:var(--wp--preset--spacing--20)\"><strong>Les frais d\u2019exp\u00e9dition<\/strong><\/h3>\n\n\n\n<p class=\"has-ast-global-color-3-color has-text-color has-link-color has-medium-font-size wp-elements-b3774abbe148561b102b76b52a5d0a49\" style=\"padding-right:var(--wp--preset--spacing--20);padding-left:var(--wp--preset--spacing--20)\">Les frais d&rsquo;exp\u00e9dition sont \u00e0  la charge de l&rsquo;acqu\u00e9reur. Ils seront communiqu\u00e9s au moment de la commande, apr\u00e8s r\u00e9ception de l&rsquo;adresse de livraison.<\/p>\n\n\n\n<h3 class=\"wp-block-heading has-ast-global-color-0-color has-text-color has-link-color wp-elements-0a163d74004eeca2f754be2a63c242cc\" style=\"padding-top:var(--wp--preset--spacing--20);padding-bottom:var(--wp--preset--spacing--20)\"><strong><strong>Localisation des \u0153uvres<\/strong><\/strong><\/h3>\n\n\n\n<p class=\"has-ast-global-color-3-color has-text-color has-link-color has-medium-font-size wp-elements-bb70db4f0af6a8932eacf53d8cfd96dd\" style=\"padding-right:var(--wp--preset--spacing--20);padding-left:var(--wp--preset--spacing--20)\">Les \u0153uvres, hors exposition, sont conserv\u00e9es dans l&rsquo;atelier de l\u2019artiste, \u00e0 Lanester, Morbihan, France.<\/p>\n<\/div>\n\n\n\n<div class=\"wp-block-column is-layout-flow wp-block-column-is-layout-flow\" style=\"flex-basis:33.33%\">\n<figure class=\"wp-block-image size-full has-custom-border\" style=\"margin-top:0;margin-right:var(--wp--preset--spacing--40);margin-bottom:0;margin-left:var(--wp--preset--spacing--40)\"><img fetchpriority=\"high\" decoding=\"async\" width=\"1000\" height=\"750\" src=\"http:\/\/art-vigienguyen.fr\/wp-content\/uploads\/2025\/05\/Emballage.jpg\" alt=\"Photo de l'emballage avant exp\u00e9dition\" class=\"has-border-color has-ast-global-color-2-border-color wp-image-345\" srcset=\"https:\/\/art-vigienguyen.fr\/wp-content\/uploads\/2025\/05\/Emballage.jpg 1000w, https:\/\/art-vigienguyen.fr\/wp-content\/uploads\/2025\/05\/Emballage-300x225.jpg 300w, https:\/\/art-vigienguyen.fr\/wp-content\/uploads\/2025\/05\/Emballage-768x576.jpg 768w\" sizes=\"(max-width: 1000px) 100vw, 1000px\" \/><figcaption class=\"wp-element-caption\"><em>Dessin emball\u00e9 pour son exp\u00e9dition<\/em><\/figcaption><\/figure>\n\n\n\n<div style=\"height:100px\" aria-hidden=\"true\" class=\"wp-block-spacer\"><\/div>\n\n\n\n<figure class=\"wp-block-video\"><video height=\"814\" style=\"aspect-ratio: 480 \/ 814;\" width=\"480\" autoplay loop muted poster=\"http:\/\/art-vigienguyen.fr\/wp-content\/uploads\/2025\/05\/Emballage.jpg\" src=\"http:\/\/art-vigienguyen.fr\/wp-content\/uploads\/2025\/05\/Emballage.mp4\"><\/video><\/figure>\n<\/div>\n<\/div>\n\n\n\n<p><\/p>\n","protected":false},"excerpt":{"rendered":"<p>Protection et exp\u00e9dition Protection des \u0153uvres pour leur exp\u00e9dition Les frais d\u2019exp\u00e9dition Les frais d&rsquo;exp\u00e9dition sont \u00e0 la charge de [&hellip;]<\/p>\n","protected":false},"author":1,"featured_media":0,"parent":0,"menu_order":0,"comment_status":"closed","ping_status":"closed","template":"","meta":{"site-sidebar-layout":"default","site-content-layout":"","ast-site-content-layout":"","site-content-style":"default","site-sidebar-style":"default","ast-global-header-display":"","ast-banner-title-visibility":"","ast-main-header-display":"","ast-hfb-above-header-display":"","ast-hfb-below-header-display":"","ast-hfb-mobile-header-display":"","site-post-title":"disabled","ast-breadcrumbs-content":"","ast-featured-img":"","footer-sml-layout":"","ast-disable-related-posts":"","theme-transparent-header-meta":"","adv-header-id-meta":"","stick-header-meta":"","header-above-stick-meta":"","header-main-stick-meta":"","header-below-stick-meta":"","astra-migrate-meta-layouts":"default","ast-page-background-enabled":"default","ast-page-background-meta":{"desktop":{"background-color":"var(--ast-global-color-5)","background-image":"","background-repeat":"repeat","background-position":"center center","background-size":"auto","background-attachment":"scroll","background-type":"","background-media":"","overlay-type":"","overlay-color":"","overlay-opacity":"","overlay-gradient":""},"tablet":{"background-color":"","background-image":"","background-repeat":"repeat","background-position":"center center","background-size":"auto","background-attachment":"scroll","background-type":"","background-media":"","overlay-type":"","overlay-color":"","overlay-opacity":"","overlay-gradient":""},"mobile":{"background-color":"","background-image":"","background-repeat":"repeat","background-position":"center center","background-size":"auto","background-attachment":"scroll","background-type":"","background-media":"","overlay-type":"","overlay-color":"","overlay-opacity":"","overlay-gradient":""}},"ast-content-background-meta":{"desktop":{"background-color":"var(--ast-global-color-4)","background-image":"","background-repeat":"repeat","background-position":"center center","background-size":"auto","background-attachment":"scroll","background-type":"","background-media":"","overlay-type":"","overlay-color":"","overlay-opacity":"","overlay-gradient":""},"tablet":{"background-color":"var(--ast-global-color-4)","background-image":"","background-repeat":"repeat","background-position":"center center","background-size":"auto","background-attachment":"scroll","background-type":"","background-media":"","overlay-type":"","overlay-color":"","overlay-opacity":"","overlay-gradient":""},"mobile":{"background-color":"var(--ast-global-color-4)","background-image":"","background-repeat":"repeat","background-position":"center center","background-size":"auto","background-attachment":"scroll","background-type":"","background-media":"","overlay-type":"","overlay-color":"","overlay-opacity":"","overlay-gradient":""}},"footnotes":""},"class_list":["post-142","page","type-page","status-publish","hentry"],"aioseo_notices":[],"_links":{"self":[{"href":"https:\/\/art-vigienguyen.fr\/index.php?rest_route=\/wp\/v2\/pages\/142","targetHints":{"allow":["GET"]}}],"collection":[{"href":"https:\/\/art-vigienguyen.fr\/index.php?rest_route=\/wp\/v2\/pages"}],"about":[{"href":"https:\/\/art-vigienguyen.fr\/index.php?rest_route=\/wp\/v2\/types\/page"}],"author":[{"embeddable":true,"href":"https:\/\/art-vigienguyen.fr\/index.php?rest_route=\/wp\/v2\/users\/1"}],"replies":[{"embeddable":true,"href":"https:\/\/art-vigienguyen.fr\/index.php?rest_route=%2Fwp%2Fv2%2Fcomments&post=142"}],"version-history":[{"count":16,"href":"https:\/\/art-vigienguyen.fr\/index.php?rest_route=\/wp\/v2\/pages\/142\/revisions"}],"predecessor-version":[{"id":1510,"href":"https:\/\/art-vigienguyen.fr\/index.php?rest_route=\/wp\/v2\/pages\/142\/revisions\/1510"}],"wp:attachment":[{"href":"https:\/\/art-vigienguyen.fr\/index.php?rest_route=%2Fwp%2Fv2%2Fmedia&parent=142"}],"curies":[{"name":"wp","href":"https:\/\/api.w.org\/{rel}","templated":true}]}}