{"id":144,"date":"2025-05-22T09:47:23","date_gmt":"2025-05-22T07:47:23","guid":{"rendered":"https:\/\/art-vigienguyen.fr\/?page_id=144"},"modified":"2025-10-17T16:43:37","modified_gmt":"2025-10-17T14:43:37","slug":"authenticite-et-droits-dauteur","status":"publish","type":"page","link":"https:\/\/art-vigienguyen.fr\/?page_id=144","title":{"rendered":"Authenticit\u00e9 des \u0153uvres de Vigie et droits d&rsquo;auteur"},"content":{"rendered":"\n<div class=\"wp-block-columns is-layout-flex wp-container-core-columns-is-layout-28f84493 wp-block-columns-is-layout-flex\">\n<div class=\"wp-block-column is-layout-flow wp-block-column-is-layout-flow\" style=\"flex-basis:66.66%\">\n<h1 class=\"wp-block-heading\">Authenticit\u00e9 et droits d&rsquo;auteur<\/h1>\n\n\n\n<h3 class=\"wp-block-heading has-ast-global-color-0-color has-text-color has-link-color wp-elements-da398bd1846886ada93e898569c82c81\">Comment l&rsquo;authenticit\u00e9 est garantie?<\/h3>\n\n\n\n<ul class=\"wp-block-list\">\n<li class=\"has-medium-font-size\">Chaque \u0153uvre originale, chaque tirage en \u00e9dition limit\u00e9e est sign\u00e9s par l\u2019artiste en bas \u00e0 droite ou gauche.<\/li>\n\n\n\n<li class=\"has-medium-font-size\">A l\u2019arri\u00e8re de chaque \u0153uvre, et de chaque tirage, sont appos\u00e9s le logo tamponn\u00e9 de l\u2019artiste, ainsi qu\u2019un sceau holographique num\u00e9rot\u00e9.<\/li>\n\n\n\n<li class=\"has-medium-font-size\">Un certificat d\u2019authenticit\u00e9 est fourni au format PDF avec chaque \u0153uvre, au moment de son achat.<\/li>\n<\/ul>\n\n\n\n<h3 class=\"wp-block-heading has-ast-global-color-0-color has-text-color has-link-color wp-elements-053e7ae46c9e88460e563e426883b945\" style=\"padding-top:var(--wp--preset--spacing--20);padding-bottom:var(--wp--preset--spacing--20)\">Les droits d&rsquo;auteur<\/h3>\n\n\n\n<p class=\"has-ast-global-color-3-color has-text-color has-link-color has-medium-font-size wp-elements-6c7fbc1496826106b9e7fea7f30580a4\" style=\"padding-right:var(--wp--preset--spacing--20);padding-left:var(--wp--preset--spacing--20)\">Les droits d\u2019auteur <strong>ne sont pas c\u00e9d\u00e9s lors de &nbsp;l\u2019acquisition<\/strong> d\u2019une \u0153uvre originale ou de son impression num\u00e9rot\u00e9e.<\/p>\n\n\n\n<p class=\"has-ast-global-color-1-color has-text-color has-link-color has-medium-font-size wp-elements-7a9531382d779a2fb3c3f42af4de7e52\" style=\"padding-right:var(--wp--preset--spacing--20);padding-left:var(--wp--preset--spacing--20)\"><strong>Aucune reproduction ne peut \u00eatre faite sans l\u2019accord \u00e9crit de l\u2019artiste ou de ses ayants droit.<\/strong><\/p>\n<\/div>\n\n\n\n<div class=\"wp-block-column is-layout-flow wp-block-column-is-layout-flow\" style=\"flex-basis:33.33%\">\n<figure class=\"wp-block-video\"><video height=\"1154\" style=\"aspect-ratio: 720 \/ 1154;\" width=\"720\" autoplay loop muted poster=\"http:\/\/art-vigienguyen.fr\/wp-content\/uploads\/2025\/05\/Authencite.jpg\" src=\"http:\/\/art-vigienguyen.fr\/wp-content\/uploads\/2025\/05\/Authencite.mp4\"><\/video><figcaption class=\"wp-element-caption\"><em>Sceau holographique avec num\u00e9ro de s\u00e9rie et logo de l&rsquo;artiste tamponn\u00e9 au verso de chaque \u0153uvre originale ou tirage en \u00e9dition limit\u00e9e.<\/em><\/figcaption><\/figure>\n<\/div>\n<\/div>\n\n\n\n<p><\/p>\n","protected":false},"excerpt":{"rendered":"<p>Authenticit\u00e9 et droits d&rsquo;auteur Comment l&rsquo;authenticit\u00e9 est garantie? Les droits d&rsquo;auteur Les droits d\u2019auteur ne sont pas c\u00e9d\u00e9s lors de [&hellip;]<\/p>\n","protected":false},"author":1,"featured_media":0,"parent":0,"menu_order":0,"comment_status":"closed","ping_status":"closed","template":"","meta":{"site-sidebar-layout":"default","site-content-layout":"","ast-site-content-layout":"","site-content-style":"default","site-sidebar-style":"default","ast-global-header-display":"","ast-banner-title-visibility":"","ast-main-header-display":"","ast-hfb-above-header-display":"","ast-hfb-below-header-display":"","ast-hfb-mobile-header-display":"","site-post-title":"disabled","ast-breadcrumbs-content":"","ast-featured-img":"","footer-sml-layout":"","ast-disable-related-posts":"","theme-transparent-header-meta":"","adv-header-id-meta":"","stick-header-meta":"","header-above-stick-meta":"","header-main-stick-meta":"","header-below-stick-meta":"","astra-migrate-meta-layouts":"default","ast-page-background-enabled":"default","ast-page-background-meta":{"desktop":{"background-color":"var(--ast-global-color-5)","background-image":"","background-repeat":"repeat","background-position":"center center","background-size":"auto","background-attachment":"scroll","background-type":"","background-media":"","overlay-type":"","overlay-color":"","overlay-opacity":"","overlay-gradient":""},"tablet":{"background-color":"","background-image":"","background-repeat":"repeat","background-position":"center center","background-size":"auto","background-attachment":"scroll","background-type":"","background-media":"","overlay-type":"","overlay-color":"","overlay-opacity":"","overlay-gradient":""},"mobile":{"background-color":"","background-image":"","background-repeat":"repeat","background-position":"center center","background-size":"auto","background-attachment":"scroll","background-type":"","background-media":"","overlay-type":"","overlay-color":"","overlay-opacity":"","overlay-gradient":""}},"ast-content-background-meta":{"desktop":{"background-color":"var(--ast-global-color-4)","background-image":"","background-repeat":"repeat","background-position":"center center","background-size":"auto","background-attachment":"scroll","background-type":"","background-media":"","overlay-type":"","overlay-color":"","overlay-opacity":"","overlay-gradient":""},"tablet":{"background-color":"var(--ast-global-color-4)","background-image":"","background-repeat":"repeat","background-position":"center center","background-size":"auto","background-attachment":"scroll","background-type":"","background-media":"","overlay-type":"","overlay-color":"","overlay-opacity":"","overlay-gradient":""},"mobile":{"background-color":"var(--ast-global-color-4)","background-image":"","background-repeat":"repeat","background-position":"center center","background-size":"auto","background-attachment":"scroll","background-type":"","background-media":"","overlay-type":"","overlay-color":"","overlay-opacity":"","overlay-gradient":""}},"footnotes":""},"class_list":["post-144","page","type-page","status-publish","hentry"],"aioseo_notices":[],"_links":{"self":[{"href":"https:\/\/art-vigienguyen.fr\/index.php?rest_route=\/wp\/v2\/pages\/144","targetHints":{"allow":["GET"]}}],"collection":[{"href":"https:\/\/art-vigienguyen.fr\/index.php?rest_route=\/wp\/v2\/pages"}],"about":[{"href":"https:\/\/art-vigienguyen.fr\/index.php?rest_route=\/wp\/v2\/types\/page"}],"author":[{"embeddable":true,"href":"https:\/\/art-vigienguyen.fr\/index.php?rest_route=\/wp\/v2\/users\/1"}],"replies":[{"embeddable":true,"href":"https:\/\/art-vigienguyen.fr\/index.php?rest_route=%2Fwp%2Fv2%2Fcomments&post=144"}],"version-history":[{"count":14,"href":"https:\/\/art-vigienguyen.fr\/index.php?rest_route=\/wp\/v2\/pages\/144\/revisions"}],"predecessor-version":[{"id":1559,"href":"https:\/\/art-vigienguyen.fr\/index.php?rest_route=\/wp\/v2\/pages\/144\/revisions\/1559"}],"wp:attachment":[{"href":"https:\/\/art-vigienguyen.fr\/index.php?rest_route=%2Fwp%2Fv2%2Fmedia&parent=144"}],"curies":[{"name":"wp","href":"https:\/\/api.w.org\/{rel}","templated":true}]}}