{"id":165,"date":"2025-05-22T14:54:40","date_gmt":"2025-05-22T12:54:40","guid":{"rendered":"https:\/\/art-vigienguyen.fr\/?page_id=165"},"modified":"2026-03-13T15:34:35","modified_gmt":"2026-03-13T14:34:35","slug":"le-printemps","status":"publish","type":"page","link":"https:\/\/art-vigienguyen.fr\/?page_id=165","title":{"rendered":"Dessin de fleurs \u00ab\u00a0Le printemps\u00a0\u00bb de l&rsquo;artiste Vigie NGUYEN."},"content":{"rendered":"\n<h1 class=\"wp-block-heading\">Le printemps<\/h1>\n\n\n\n<h3 class=\"wp-block-heading\"><em>Eph\u00e9m\u00e8res et si belles, pour moi, elles annoncent le printemps autant que les hirondelles.<\/em><\/h3>\n\n\n\n<div class=\"wp-block-columns is-layout-flex wp-container-core-columns-is-layout-28f84493 wp-block-columns-is-layout-flex\">\n<div class=\"wp-block-column is-layout-flow wp-block-column-is-layout-flow\">\n<figure data-wp-context=\"{&quot;imageId&quot;:&quot;69ecf81a2c7d5&quot;}\" data-wp-interactive=\"core\/image\" data-wp-key=\"69ecf81a2c7d5\" class=\"wp-block-image size-full wp-lightbox-container\"><img fetchpriority=\"high\" decoding=\"async\" width=\"1000\" height=\"713\" data-wp-class--hide=\"state.isContentHidden\" data-wp-class--show=\"state.isContentVisible\" data-wp-init=\"callbacks.setButtonStyles\" data-wp-on--click=\"actions.showLightbox\" data-wp-on--load=\"callbacks.setButtonStyles\" data-wp-on-window--resize=\"callbacks.setButtonStyles\" src=\"http:\/\/art-vigienguyen.fr\/wp-content\/uploads\/2025\/05\/LP-1.jpg\" alt=\"Dessin repr\u00e9sentant deux fleurs de magnolias, de profil, rose profond, sur fond gris.\" class=\"wp-image-368\" srcset=\"https:\/\/art-vigienguyen.fr\/wp-content\/uploads\/2025\/05\/LP-1.jpg 1000w, https:\/\/art-vigienguyen.fr\/wp-content\/uploads\/2025\/05\/LP-1-300x214.jpg 300w, https:\/\/art-vigienguyen.fr\/wp-content\/uploads\/2025\/05\/LP-1-768x548.jpg 768w\" sizes=\"(max-width: 1000px) 100vw, 1000px\" \/><button\n\t\t\tclass=\"lightbox-trigger\"\n\t\t\ttype=\"button\"\n\t\t\taria-haspopup=\"dialog\"\n\t\t\taria-label=\"Agrandir\"\n\t\t\tdata-wp-init=\"callbacks.initTriggerButton\"\n\t\t\tdata-wp-on--click=\"actions.showLightbox\"\n\t\t\tdata-wp-style--right=\"state.imageButtonRight\"\n\t\t\tdata-wp-style--top=\"state.imageButtonTop\"\n\t\t>\n\t\t\t<svg xmlns=\"http:\/\/www.w3.org\/2000\/svg\" width=\"12\" height=\"12\" fill=\"none\" viewBox=\"0 0 12 12\">\n\t\t\t\t<path fill=\"#fff\" d=\"M2 0a2 2 0 0 0-2 2v2h1.5V2a.5.5 0 0 1 .5-.5h2V0H2Zm2 10.5H2a.5.5 0 0 1-.5-.5V8H0v2a2 2 0 0 0 2 2h2v-1.5ZM8 12v-1.5h2a.5.5 0 0 0 .5-.5V8H12v2a2 2 0 0 1-2 2H8Zm2-12a2 2 0 0 1 2 2v2h-1.5V2a.5.5 0 0 0-.5-.5H8V0h2Z\" \/>\n\t\t\t<\/svg>\n\t\t<\/button><figcaption class=\"wp-element-caption\">\u00a9 Virginie NGUYEN QUANG<\/figcaption><\/figure>\n<\/div>\n\n\n\n<div class=\"wp-block-column is-layout-flow wp-block-column-is-layout-flow\">\n<h3 class=\"wp-block-heading has-ast-global-color-2-color has-text-color has-link-color wp-elements-5f6b17e4cfcd5ecfc0e36a704ec7d6fa\" style=\"font-size:30px;line-height:2\">Technique<\/h3>\n\n\n\n<p class=\"has-ast-global-color-3-color has-text-color has-link-color has-medium-font-size wp-elements-667e0e02f914d417fa8bceebf7213b9a\" style=\"line-height:0\"><br>Dessin aux crayons de couleurs <\/p>\n\n\n\n<p class=\"has-ast-global-color-3-color has-text-color has-link-color has-medium-font-size wp-elements-1bb23affdef16f9f649372d1d7afe5a0\" style=\"line-height:0\">huile et cire<\/p>\n\n\n\n<p class=\"has-ast-global-color-3-color has-text-color has-link-color has-medium-font-size wp-elements-d417720552f6125735a8884f2d8901d1\" style=\"line-height:0\"> sur papier color\u00e9<\/p>\n\n\n\n<h3 class=\"wp-block-heading has-ast-global-color-0-color has-text-color has-link-color wp-elements-448c3b9451dc88fdcb448d151c6d01d6\" style=\"font-size:30px;line-height:2\">Dimensions<\/h3>\n\n\n\n<p class=\"has-ast-global-color-3-color has-text-color has-link-color has-medium-font-size wp-elements-1127a8840b047671f37cb2acc21c87b9\" style=\"line-height:0\"><br>29,7  X  42 cm<\/p>\n\n\n\n<p class=\"has-ast-global-color-0-color has-text-color has-link-color wp-elements-831073464aef61eaddb7977863e1ca5f\" style=\"font-size:30px\">Ann\u00e9e<\/p>\n\n\n\n<p style=\"font-size:24px;line-height:0\">2025<\/p>\n\n\n\n<div style=\"height:30px\" aria-hidden=\"true\" class=\"wp-block-spacer\"><\/div>\n\n\n\n<figure data-wp-context=\"{&quot;imageId&quot;:&quot;69ecf81a2d9d7&quot;}\" data-wp-interactive=\"core\/image\" data-wp-key=\"69ecf81a2d9d7\" class=\"wp-block-image size-full wp-lightbox-container\"><img decoding=\"async\" width=\"1000\" height=\"750\" data-wp-class--hide=\"state.isContentHidden\" data-wp-class--show=\"state.isContentVisible\" data-wp-init=\"callbacks.setButtonStyles\" data-wp-on--click=\"actions.showLightbox\" data-wp-on--load=\"callbacks.setButtonStyles\" data-wp-on-window--resize=\"callbacks.setButtonStyles\" src=\"http:\/\/art-vigienguyen.fr\/wp-content\/uploads\/2025\/05\/Printemps_situation.jpg\" alt=\"Dessin repr\u00e9sentant deux fleurs de magnolias, de profil, rose profond, sur fond gris, encadr\u00e9, et accroch\u00e9 au mur, au dessus d'un meuble, sur lequel est pos\u00e9 un vase blanc avec des fleurs s\u00e9ch\u00e9es.\" class=\"wp-image-236\" srcset=\"https:\/\/art-vigienguyen.fr\/wp-content\/uploads\/2025\/05\/Printemps_situation.jpg 1000w, https:\/\/art-vigienguyen.fr\/wp-content\/uploads\/2025\/05\/Printemps_situation-300x225.jpg 300w, https:\/\/art-vigienguyen.fr\/wp-content\/uploads\/2025\/05\/Printemps_situation-768x576.jpg 768w\" sizes=\"(max-width: 1000px) 100vw, 1000px\" \/><button\n\t\t\tclass=\"lightbox-trigger\"\n\t\t\ttype=\"button\"\n\t\t\taria-haspopup=\"dialog\"\n\t\t\taria-label=\"Agrandir\"\n\t\t\tdata-wp-init=\"callbacks.initTriggerButton\"\n\t\t\tdata-wp-on--click=\"actions.showLightbox\"\n\t\t\tdata-wp-style--right=\"state.imageButtonRight\"\n\t\t\tdata-wp-style--top=\"state.imageButtonTop\"\n\t\t>\n\t\t\t<svg xmlns=\"http:\/\/www.w3.org\/2000\/svg\" width=\"12\" height=\"12\" fill=\"none\" viewBox=\"0 0 12 12\">\n\t\t\t\t<path fill=\"#fff\" d=\"M2 0a2 2 0 0 0-2 2v2h1.5V2a.5.5 0 0 1 .5-.5h2V0H2Zm2 10.5H2a.5.5 0 0 1-.5-.5V8H0v2a2 2 0 0 0 2 2h2v-1.5ZM8 12v-1.5h2a.5.5 0 0 0 .5-.5V8H12v2a2 2 0 0 1-2 2H8Zm2-12a2 2 0 0 1 2 2v2h-1.5V2a.5.5 0 0 0-.5-.5H8V0h2Z\" \/>\n\t\t\t<\/svg>\n\t\t<\/button><figcaption class=\"wp-element-caption\"><em>Image non contractuelle<\/em><\/figcaption><\/figure>\n<\/div>\n<\/div>\n\n\n\n<div class=\"wp-block-columns is-layout-flex wp-container-core-columns-is-layout-28f84493 wp-block-columns-is-layout-flex\">\n<div class=\"wp-block-column is-layout-flow wp-block-column-is-layout-flow\">\n<h3 class=\"wp-block-heading has-ast-global-color-0-color has-text-color has-link-color wp-elements-a379a444ebe7803d275bfa6ca649d911\">Dessin original<\/h3>\n\n\n\n<h2 class=\"wp-block-heading has-ast-global-color-1-color has-text-color has-link-color has-large-font-size wp-elements-f1824dec0e257dcf9acda6494f0d40b0\"><strong>60\u20ac<\/strong><\/h2>\n\n\n\n<p class=\"has-ast-global-color-1-color has-text-color has-link-color wp-elements-c7e23fe5d19ffdca72ccb41faf1babe4\"><em>Frais de livraison non inclus, \u00e0 la charge de l&rsquo;acqu\u00e9reur. Les cadres ne sont pas fournis.<\/em><\/p>\n<\/div>\n<\/div>\n\n\n\n<div class=\"wp-block-columns is-layout-flex wp-container-core-columns-is-layout-28f84493 wp-block-columns-is-layout-flex\">\n<div class=\"wp-block-column is-layout-flow wp-block-column-is-layout-flow\">\n<div class=\"wp-block-buttons is-layout-flex wp-block-buttons-is-layout-flex\">\n<div class=\"wp-block-button has-custom-width wp-block-button__width-100 is-style-fill\"><a class=\"wp-block-button__link has-ast-global-color-1-color has-ast-global-color-4-background-color has-text-color has-background has-link-color has-border-color has-ast-global-color-1-border-color has-medium-font-size has-custom-font-size wp-element-button\" href=\"https:\/\/art-vigienguyen.fr\/?page_id=142\" style=\"border-width:3px;border-radius:50px;padding-top:var(--wp--preset--spacing--20);padding-bottom:var(--wp--preset--spacing--20)\" target=\"_blank\" rel=\"noreferrer noopener\"><strong>Protection et exp\u00e9dition <\/strong><\/a><\/div>\n<\/div>\n<\/div>\n\n\n\n<div class=\"wp-block-column is-layout-flow wp-block-column-is-layout-flow\">\n<div class=\"wp-block-buttons is-layout-flex wp-block-buttons-is-layout-flex\">\n<div class=\"wp-block-button has-custom-width wp-block-button__width-100\"><a class=\"wp-block-button__link has-ast-global-color-1-color has-ast-global-color-4-background-color has-text-color has-background has-link-color has-border-color has-ast-global-color-1-border-color has-medium-font-size has-custom-font-size wp-element-button\" href=\"https:\/\/art-vigienguyen.fr\/?page_id=144\" style=\"border-width:3px;border-radius:50px;padding-top:var(--wp--preset--spacing--20);padding-right:var(--wp--preset--spacing--20);padding-bottom:var(--wp--preset--spacing--20);padding-left:var(--wp--preset--spacing--20)\" target=\"_blank\" rel=\"noreferrer noopener\"><strong>Authenticit\u00e9, droits d&rsquo;auteur<\/strong><\/a><\/div>\n<\/div>\n<\/div>\n\n\n\n<div class=\"wp-block-column is-vertically-aligned-center is-layout-flow wp-block-column-is-layout-flow\">\n<div class=\"wp-block-buttons is-layout-flex wp-block-buttons-is-layout-flex\">\n<div class=\"wp-block-button has-custom-width wp-block-button__width-100 is-style-outline is-style-outline--1\"><a class=\"wp-block-button__link has-ast-global-color-4-color has-ast-global-color-1-background-color has-text-color has-background has-link-color has-custom-font-size wp-element-button\" href=\"https:\/\/art-vigienguyen.fr\/?page_id=394\" style=\"border-style:none;border-width:0px;border-radius:50px;padding-top:var(--wp--preset--spacing--30);padding-right:var(--wp--preset--spacing--30);padding-bottom:var(--wp--preset--spacing--30);padding-left:var(--wp--preset--spacing--30);font-size:30px\" target=\"_blank\" rel=\"noreferrer noopener\"><strong>Commander<\/strong><\/a><\/div>\n<\/div>\n<\/div>\n<\/div>\n\n\n<div class=\"swipe-nav\">\n  <a class=\"swipe-prev\" href=\"https:\/\/art-vigienguyen.fr\/?page_id=176\">\u2039<\/a><br \/>\n  <a class=\"swipe-next\" href=\"https:\/\/art-vigienguyen.fr\/?page_id=162\">\u203a<\/a>\n<\/div>","protected":false},"excerpt":{"rendered":"<p>Le printemps Eph\u00e9m\u00e8res et si belles, pour moi, elles annoncent le printemps autant que les hirondelles. Technique Dessin aux crayons [&hellip;]<\/p>\n","protected":false},"author":1,"featured_media":0,"parent":0,"menu_order":0,"comment_status":"closed","ping_status":"closed","template":"","meta":{"site-sidebar-layout":"default","site-content-layout":"","ast-site-content-layout":"","site-content-style":"default","site-sidebar-style":"default","ast-global-header-display":"","ast-banner-title-visibility":"","ast-main-header-display":"","ast-hfb-above-header-display":"","ast-hfb-below-header-display":"","ast-hfb-mobile-header-display":"","site-post-title":"disabled","ast-breadcrumbs-content":"","ast-featured-img":"","footer-sml-layout":"","ast-disable-related-posts":"","theme-transparent-header-meta":"","adv-header-id-meta":"","stick-header-meta":"","header-above-stick-meta":"","header-main-stick-meta":"","header-below-stick-meta":"","astra-migrate-meta-layouts":"default","ast-page-background-enabled":"default","ast-page-background-meta":{"desktop":{"background-color":"var(--ast-global-color-5)","background-image":"","background-repeat":"repeat","background-position":"center center","background-size":"auto","background-attachment":"scroll","background-type":"","background-media":"","overlay-type":"","overlay-color":"","overlay-opacity":"","overlay-gradient":""},"tablet":{"background-color":"","background-image":"","background-repeat":"repeat","background-position":"center center","background-size":"auto","background-attachment":"scroll","background-type":"","background-media":"","overlay-type":"","overlay-color":"","overlay-opacity":"","overlay-gradient":""},"mobile":{"background-color":"","background-image":"","background-repeat":"repeat","background-position":"center center","background-size":"auto","background-attachment":"scroll","background-type":"","background-media":"","overlay-type":"","overlay-color":"","overlay-opacity":"","overlay-gradient":""}},"ast-content-background-meta":{"desktop":{"background-color":"var(--ast-global-color-4)","background-image":"","background-repeat":"repeat","background-position":"center center","background-size":"auto","background-attachment":"scroll","background-type":"","background-media":"","overlay-type":"","overlay-color":"","overlay-opacity":"","overlay-gradient":""},"tablet":{"background-color":"var(--ast-global-color-4)","background-image":"","background-repeat":"repeat","background-position":"center center","background-size":"auto","background-attachment":"scroll","background-type":"","background-media":"","overlay-type":"","overlay-color":"","overlay-opacity":"","overlay-gradient":""},"mobile":{"background-color":"var(--ast-global-color-4)","background-image":"","background-repeat":"repeat","background-position":"center center","background-size":"auto","background-attachment":"scroll","background-type":"","background-media":"","overlay-type":"","overlay-color":"","overlay-opacity":"","overlay-gradient":""}},"footnotes":""},"class_list":["post-165","page","type-page","status-publish","hentry"],"aioseo_notices":[],"_links":{"self":[{"href":"https:\/\/art-vigienguyen.fr\/index.php?rest_route=\/wp\/v2\/pages\/165","targetHints":{"allow":["GET"]}}],"collection":[{"href":"https:\/\/art-vigienguyen.fr\/index.php?rest_route=\/wp\/v2\/pages"}],"about":[{"href":"https:\/\/art-vigienguyen.fr\/index.php?rest_route=\/wp\/v2\/types\/page"}],"author":[{"embeddable":true,"href":"https:\/\/art-vigienguyen.fr\/index.php?rest_route=\/wp\/v2\/users\/1"}],"replies":[{"embeddable":true,"href":"https:\/\/art-vigienguyen.fr\/index.php?rest_route=%2Fwp%2Fv2%2Fcomments&post=165"}],"version-history":[{"count":21,"href":"https:\/\/art-vigienguyen.fr\/index.php?rest_route=\/wp\/v2\/pages\/165\/revisions"}],"predecessor-version":[{"id":1959,"href":"https:\/\/art-vigienguyen.fr\/index.php?rest_route=\/wp\/v2\/pages\/165\/revisions\/1959"}],"wp:attachment":[{"href":"https:\/\/art-vigienguyen.fr\/index.php?rest_route=%2Fwp%2Fv2%2Fmedia&parent=165"}],"curies":[{"name":"wp","href":"https:\/\/api.w.org\/{rel}","templated":true}]}}