{"id":1802,"date":"2026-02-12T14:24:06","date_gmt":"2026-02-12T13:24:06","guid":{"rendered":"https:\/\/art-vigienguyen.fr\/?page_id=1802"},"modified":"2026-02-12T14:53:17","modified_gmt":"2026-02-12T13:53:17","slug":"credits-visuels","status":"publish","type":"page","link":"https:\/\/art-vigienguyen.fr\/?page_id=1802","title":{"rendered":"Cr\u00e9dits visuels"},"content":{"rendered":"\n<p>Les mises en situation pr\u00e9sent\u00e9es sur ce site ont \u00e9t\u00e9 r\u00e9alis\u00e9es \u00e0 partir d\u2019images issues de banques d\u2019images (Adobe Stock, Freepik). <\/p>\n\n\n\n<p>Je tiens \u00e0 remercier sinc\u00e8rement les auteurs de ces visuels pour la qualit\u00e9 de leur travail, qui contribue \u00e0 la mise en valeur de mes \u0153uvres. <\/p>\n\n\n\n<p>Les incrustations et adaptations graphiques ont \u00e9t\u00e9 r\u00e9alis\u00e9es par mes soins.<\/p>\n\n\n\n<figure class=\"wp-block-table is-style-regular\"><table class=\"has-ast-global-color-4-color has-ast-global-color-1-background-color has-text-color has-background has-link-color\"><tbody><tr><td><strong>Titre des pages<\/strong><br>o\u00f9 sont utilis\u00e9es les images<\/td><td><strong>\u00ab\u00a0Titre image originale et nom de l\u2019auteur\u00bb &#8211; Freepik<\/strong><\/td><\/tr><tr><td>La fleur de l\u2019\u00e2ge<br><br>Danse avec ton \u00e2me<br><br>Ma dame en noir<\/td><td>\u201cEmpty wooden frame standing on floor have sofa and decoration\u201d<br>Par <a href=\"https:\/\/www.freepik.com\/author\/vanitjan1\">vanitjan<\/a><\/td><\/tr><\/tbody><\/table><\/figure>\n\n\n\n<figure class=\"wp-block-table\"><table class=\"has-ast-global-color-4-color has-ast-global-color-1-background-color has-text-color has-background has-link-color\"><tbody><tr><td><strong>Titre des pages<\/strong><br>o\u00f9 sont utilis\u00e9es les images                                   <\/td><td><strong>\u00ab\u00a0Titre image originale et nom de l\u2019auteur\u00bb &#8211; stock.adobe.com<\/strong><\/td><\/tr><tr><td>True colors                                                                                 <\/td><td>\u201cHorizontal wooden frame mockup on the wooden floor\u201d<br>Par\u00a0<a href=\"https:\/\/stock.adobe.com\/fr\/contributor\/210642371\/vnmockup?load_type=author&amp;prev_url=detail\">VNmockup<\/a><\/td><\/tr><tr><td>Le printemps<br><br>Les magnolias gris<br><br>La petite orchid\u00e9e<\/td><td>\u201cLandscape frame mockup with dry plant\u201d<br>Par\u00a0<a href=\"https:\/\/stock.adobe.com\/fr\/contributor\/210642371\/vnmockup?load_type=author&amp;prev_url=detail\">VNmockup<\/a><\/td><\/tr><tr><td>La vie en rose<br><br>Magnolias for ever<br><br>La coquette<\/td><td>\u201cEmpty horizontal picture frame on white wall in modern living room\u201d<br>Par <a href=\"https:\/\/stock.adobe.com\/fr\/contributor\/210211987\/creative-bird?load_type=author&amp;prev_url=detail\">Creative_Bird<\/a><\/td><\/tr><tr><td>My remedy<\/td><td>\u201cFrame mockup, horizontal frame mockup in modern living room interior, 3d render\u201d<br>Par\u00a0<a href=\"https:\/\/stock.adobe.com\/fr\/contributor\/210642371\/vnmockup?load_type=author&amp;prev_url=detail\">VNmockup<\/a><\/td><\/tr><tr><td>La coquette<\/td><td>\u201cWhite frame leaning on white floor in interior mockup. Template of a picture framed on a wall 3D rendering\u201d<br>Par\u00a0<a href=\"https:\/\/stock.adobe.com\/fr\/contributor\/201258068\/sdecoret?load_type=author&amp;prev_url=detail\">sdecoret<\/a><\/td><\/tr><tr><td>Don\u2019t Stop me now<\/td><td>\u201cEmpty horizontal hot pink picture frame mockup on white background<br>Par\u00a0<a href=\"https:\/\/stock.adobe.com\/fr\/contributor\/212177894\/quantum-pixels?load_type=author&amp;prev_url=detail\">-Quantum Pixels-<\/a>\u201c<br>\u201cMock-up frame in dark green home interior with sofa, coffee table and floor lamp.\u201d<br>Par\u00a0<a href=\"https:\/\/stock.adobe.com\/fr\/contributor\/210211987\/creative-bird?load_type=author&amp;prev_url=detail\">Creative_Bird<\/a><\/td><\/tr><tr><td>Ma dame en noir<\/td><td>\u201cModern living room interior with empty canvas or wall d\u00e9cor with frame in center for product presentation background or wall paper promotion, mock up\u201d<br>Par\u00a0<a href=\"https:\/\/stock.adobe.com\/fr\/contributor\/207631412\/visual-studio?load_type=author&amp;prev_url=detail\">Visual Studio<\/a><\/td><\/tr><tr><td>La grande orchid\u00e9e<\/td><td>\u201cChic Living Room Interior with Mockup Frame Poster, Modern interior design, 3D render, 3D illustration\u201d<br>Par\u00a0<a href=\"https:\/\/stock.adobe.com\/fr\/contributor\/211359182\/roman-p?load_type=author&amp;prev_url=detail\">Roman P.<\/a><\/td><\/tr><tr><td>Hallelujah<\/td><td>\u201cEmpty white picture frame on blue wall in modern living room.\u201d<br>Par\u00a0<a href=\"https:\/\/stock.adobe.com\/fr\/contributor\/210211987\/creative-bird?load_type=author&amp;prev_url=detail\">Creative_Bird<\/a><\/td><\/tr><tr><td>Dark angel<\/td><td>\u201cmock up poster frame in modern interior background, living room, Scandinavian style, 3D render, 3D illustration\u201d<br>Par\u00a0<a href=\"https:\/\/stock.adobe.com\/fr\/contributor\/205061823\/mtlapcevic?load_type=author&amp;prev_url=detail\">mtlapcevic<\/a><\/td><\/tr><tr><td>Oh freedom<\/td><td>\u201cBlack and White Boho Bedroom Photo Frame Interior Design Decor with Accessories and Neutral Pastel Tones Black Photo Frames on Wall Mockup\u201d<br>Par\u00a0<a href=\"https:\/\/stock.adobe.com\/fr\/contributor\/209181264\/layerform?load_type=author&amp;prev_url=detail\">Layerform<\/a><\/td><\/tr><tr><td>Sister<br><br>Marie<\/td><td>\u201cFrame mockup in living room interior. 3d rendering, 3d illustration\u201d<br>Par\u00a0<a href=\"https:\/\/stock.adobe.com\/fr\/contributor\/204232824\/kitipol?load_type=author&amp;prev_url=detail\">kitipol<\/a><\/td><\/tr><tr><td>Ton regard<\/td><td>\u201ctraditional oil Primed Linen stretched canvas panel painting support. Fresh GESSO priming.\u201d<br>Par\u00a0<a href=\"https:\/\/stock.adobe.com\/fr\/contributor\/208545024\/barta?load_type=author&amp;prev_url=detail\">Barta<\/a><\/td><\/tr><tr><td>Love is all<br><br>Mum Josephine<\/td><td>\u201cMuseum style photo frame mockup, gallery frame mockup, modern painting frames, \u201c<br>Par\u00a0<a href=\"https:\/\/stock.adobe.com\/fr\/contributor\/207691150\/aipera?load_type=author&amp;prev_url=detail\">AIPERA<\/a><\/td><\/tr><tr><td>Tessa<\/td><td>\u201cWhite vase on table. Blank wooden picture frame mockup on white wall\u201d Par\u00a0<a href=\"https:\/\/stock.adobe.com\/fr\/contributor\/207339340\/gemes?load_type=author&amp;prev_url=detail\">GEMES<\/a><\/td><\/tr><tr><td><\/td><td><\/td><\/tr><\/tbody><\/table><\/figure>\n","protected":false},"excerpt":{"rendered":"<p>Les mises en situation pr\u00e9sent\u00e9es sur ce site ont \u00e9t\u00e9 r\u00e9alis\u00e9es \u00e0 partir d\u2019images issues de banques d\u2019images (Adobe Stock, [&hellip;]<\/p>\n","protected":false},"author":1,"featured_media":0,"parent":0,"menu_order":0,"comment_status":"closed","ping_status":"closed","template":"","meta":{"site-sidebar-layout":"default","site-content-layout":"","ast-site-content-layout":"default","site-content-style":"default","site-sidebar-style":"default","ast-global-header-display":"","ast-banner-title-visibility":"","ast-main-header-display":"","ast-hfb-above-header-display":"","ast-hfb-below-header-display":"","ast-hfb-mobile-header-display":"","site-post-title":"","ast-breadcrumbs-content":"","ast-featured-img":"","footer-sml-layout":"","ast-disable-related-posts":"","theme-transparent-header-meta":"","adv-header-id-meta":"","stick-header-meta":"","header-above-stick-meta":"","header-main-stick-meta":"","header-below-stick-meta":"","astra-migrate-meta-layouts":"default","ast-page-background-enabled":"default","ast-page-background-meta":{"desktop":{"background-color":"var(--ast-global-color-5)","background-image":"","background-repeat":"repeat","background-position":"center center","background-size":"auto","background-attachment":"scroll","background-type":"","background-media":"","overlay-type":"","overlay-color":"","overlay-opacity":"","overlay-gradient":""},"tablet":{"background-color":"","background-image":"","background-repeat":"repeat","background-position":"center center","background-size":"auto","background-attachment":"scroll","background-type":"","background-media":"","overlay-type":"","overlay-color":"","overlay-opacity":"","overlay-gradient":""},"mobile":{"background-color":"","background-image":"","background-repeat":"repeat","background-position":"center center","background-size":"auto","background-attachment":"scroll","background-type":"","background-media":"","overlay-type":"","overlay-color":"","overlay-opacity":"","overlay-gradient":""}},"ast-content-background-meta":{"desktop":{"background-color":"var(--ast-global-color-4)","background-image":"","background-repeat":"repeat","background-position":"center center","background-size":"auto","background-attachment":"scroll","background-type":"","background-media":"","overlay-type":"","overlay-color":"","overlay-opacity":"","overlay-gradient":""},"tablet":{"background-color":"var(--ast-global-color-4)","background-image":"","background-repeat":"repeat","background-position":"center center","background-size":"auto","background-attachment":"scroll","background-type":"","background-media":"","overlay-type":"","overlay-color":"","overlay-opacity":"","overlay-gradient":""},"mobile":{"background-color":"var(--ast-global-color-4)","background-image":"","background-repeat":"repeat","background-position":"center center","background-size":"auto","background-attachment":"scroll","background-type":"","background-media":"","overlay-type":"","overlay-color":"","overlay-opacity":"","overlay-gradient":""}},"footnotes":""},"class_list":["post-1802","page","type-page","status-publish","hentry"],"aioseo_notices":[],"_links":{"self":[{"href":"https:\/\/art-vigienguyen.fr\/index.php?rest_route=\/wp\/v2\/pages\/1802","targetHints":{"allow":["GET"]}}],"collection":[{"href":"https:\/\/art-vigienguyen.fr\/index.php?rest_route=\/wp\/v2\/pages"}],"about":[{"href":"https:\/\/art-vigienguyen.fr\/index.php?rest_route=\/wp\/v2\/types\/page"}],"author":[{"embeddable":true,"href":"https:\/\/art-vigienguyen.fr\/index.php?rest_route=\/wp\/v2\/users\/1"}],"replies":[{"embeddable":true,"href":"https:\/\/art-vigienguyen.fr\/index.php?rest_route=%2Fwp%2Fv2%2Fcomments&post=1802"}],"version-history":[{"count":11,"href":"https:\/\/art-vigienguyen.fr\/index.php?rest_route=\/wp\/v2\/pages\/1802\/revisions"}],"predecessor-version":[{"id":1820,"href":"https:\/\/art-vigienguyen.fr\/index.php?rest_route=\/wp\/v2\/pages\/1802\/revisions\/1820"}],"wp:attachment":[{"href":"https:\/\/art-vigienguyen.fr\/index.php?rest_route=%2Fwp%2Fv2%2Fmedia&parent=1802"}],"curies":[{"name":"wp","href":"https:\/\/api.w.org\/{rel}","templated":true}]}}