{"id":193,"date":"2025-05-22T14:58:38","date_gmt":"2025-05-22T12:58:38","guid":{"rendered":"https:\/\/art-vigienguyen.fr\/?page_id=193"},"modified":"2026-03-13T15:39:10","modified_gmt":"2026-03-13T14:39:10","slug":"mom-josephine-2","status":"publish","type":"page","link":"https:\/\/art-vigienguyen.fr\/?page_id=193","title":{"rendered":"Portrait de Jos\u00e9phine Baker par Vigie NGUYEN."},"content":{"rendered":"\n<h1 class=\"wp-block-heading\">Mom Jos\u00e9phine<\/h1>\n\n\n\n<h3 class=\"wp-block-heading\"><em>Hommage \u00e0 Jos\u00e9phine Baker. Loin des lumi\u00e8res, elle a endoss\u00e9 le plus beau costume de sa vie.<\/em><\/h3>\n\n\n\n<div class=\"wp-block-columns is-layout-flex wp-container-core-columns-is-layout-28f84493 wp-block-columns-is-layout-flex\">\n<div class=\"wp-block-column is-layout-flow wp-block-column-is-layout-flow\">\n<figure data-wp-context=\"{&quot;imageId&quot;:&quot;69ed0da6c04f0&quot;}\" data-wp-interactive=\"core\/image\" data-wp-key=\"69ed0da6c04f0\" class=\"wp-block-image size-full has-custom-border wp-duotone-unset-1 wp-lightbox-container\"><img fetchpriority=\"high\" decoding=\"async\" width=\"487\" height=\"643\" data-wp-class--hide=\"state.isContentHidden\" data-wp-class--show=\"state.isContentVisible\" data-wp-init=\"callbacks.setButtonStyles\" data-wp-on--click=\"actions.showLightbox\" data-wp-on--load=\"callbacks.setButtonStyles\" data-wp-on-window--resize=\"callbacks.setButtonStyles\" src=\"http:\/\/art-vigienguyen.fr\/wp-content\/uploads\/2025\/05\/portrait_josephine.jpg\" alt=\"Portrait de profil de Jos\u00e9phine Baker, \u00e9treignant un de ses enfants.\" class=\"has-border-color has-ast-global-color-1-border-color wp-image-81\" style=\"border-width:1px\" srcset=\"https:\/\/art-vigienguyen.fr\/wp-content\/uploads\/2025\/05\/portrait_josephine.jpg 487w, https:\/\/art-vigienguyen.fr\/wp-content\/uploads\/2025\/05\/portrait_josephine-227x300.jpg 227w\" sizes=\"(max-width: 487px) 100vw, 487px\" \/><button\n\t\t\tclass=\"lightbox-trigger\"\n\t\t\ttype=\"button\"\n\t\t\taria-haspopup=\"dialog\"\n\t\t\taria-label=\"Agrandir\"\n\t\t\tdata-wp-init=\"callbacks.initTriggerButton\"\n\t\t\tdata-wp-on--click=\"actions.showLightbox\"\n\t\t\tdata-wp-style--right=\"state.imageButtonRight\"\n\t\t\tdata-wp-style--top=\"state.imageButtonTop\"\n\t\t>\n\t\t\t<svg xmlns=\"http:\/\/www.w3.org\/2000\/svg\" width=\"12\" height=\"12\" fill=\"none\" viewBox=\"0 0 12 12\">\n\t\t\t\t<path fill=\"#fff\" d=\"M2 0a2 2 0 0 0-2 2v2h1.5V2a.5.5 0 0 1 .5-.5h2V0H2Zm2 10.5H2a.5.5 0 0 1-.5-.5V8H0v2a2 2 0 0 0 2 2h2v-1.5ZM8 12v-1.5h2a.5.5 0 0 0 .5-.5V8H12v2a2 2 0 0 1-2 2H8Zm2-12a2 2 0 0 1 2 2v2h-1.5V2a.5.5 0 0 0-.5-.5H8V0h2Z\" \/>\n\t\t\t<\/svg>\n\t\t<\/button><figcaption class=\"wp-element-caption\"> \u00a9 Virginie NGUYEN QUANG<\/figcaption><\/figure>\n\n\n\n<div style=\"height:30px\" aria-hidden=\"true\" class=\"wp-block-spacer\"><\/div>\n<\/div>\n\n\n\n<div class=\"wp-block-column is-layout-flow wp-block-column-is-layout-flow\">\n<h3 class=\"wp-block-heading has-ast-global-color-2-color has-text-color has-link-color wp-elements-5f6b17e4cfcd5ecfc0e36a704ec7d6fa\" style=\"font-size:30px;line-height:2\">Technique<\/h3>\n\n\n\n<p class=\"has-ast-global-color-3-color has-text-color has-link-color has-medium-font-size wp-elements-dece9a3889d431aa787eb6731d59cd2a\" style=\"line-height:0\"><br>Dessin aux mines graphites et<\/p>\n\n\n\n<p class=\"has-ast-global-color-3-color has-text-color has-link-color has-medium-font-size wp-elements-76ace923ac42d9dd91a11e7b51fa1c82\" style=\"line-height:0\">marqueurs, sur papier color\u00e9<\/p>\n\n\n\n<h3 class=\"wp-block-heading has-ast-global-color-0-color has-text-color has-link-color wp-elements-448c3b9451dc88fdcb448d151c6d01d6\" style=\"font-size:30px;line-height:2\">Dimensions<\/h3>\n\n\n\n<p class=\"has-ast-global-color-3-color has-text-color has-link-color has-medium-font-size wp-elements-ba4f82463933f812670924dc38d5372d\" style=\"line-height:0\"><br>50 X 65 cm<\/p>\n\n\n\n<p class=\"has-ast-global-color-0-color has-text-color has-link-color wp-elements-831073464aef61eaddb7977863e1ca5f\" style=\"font-size:30px\">Ann\u00e9e<\/p>\n\n\n\n<p style=\"font-size:24px;line-height:0\">2020<\/p>\n\n\n\n<div style=\"height:30px\" aria-hidden=\"true\" class=\"wp-block-spacer\"><\/div>\n\n\n\n<p class=\"has-ast-global-color-3-color has-text-color has-link-color has-medium-font-size wp-elements-57d8ad0a58814e20856e3957927efa72\"><\/p>\n\n\n\n<div class=\"wp-block-buttons is-layout-flex wp-block-buttons-is-layout-flex\">\n<div class=\"wp-block-button has-custom-width wp-block-button__width-100 is-style-outline is-style-outline--2\"><a class=\"wp-block-button__link has-ast-global-color-0-color has-ast-global-color-4-background-color has-text-color has-background has-link-color has-border-color has-ast-global-color-0-border-color wp-element-button\" href=\"https:\/\/youtube.com\/shorts\/jDyOEdtpu1Q\" target=\"_blank\" rel=\"noreferrer noopener\">D\u00e9couvrez les \u00e9tapes de cr\u00e9ation en vid\u00e9o<\/a><\/div>\n<\/div>\n\n\n\n<figure data-wp-context=\"{&quot;imageId&quot;:&quot;69ed0da6c0fe0&quot;}\" data-wp-interactive=\"core\/image\" data-wp-key=\"69ed0da6c0fe0\" class=\"wp-block-image size-full wp-lightbox-container\"><img decoding=\"async\" width=\"1000\" height=\"1000\" data-wp-class--hide=\"state.isContentHidden\" data-wp-class--show=\"state.isContentVisible\" data-wp-init=\"callbacks.setButtonStyles\" data-wp-on--click=\"actions.showLightbox\" data-wp-on--load=\"callbacks.setButtonStyles\" data-wp-on-window--resize=\"callbacks.setButtonStyles\" src=\"http:\/\/art-vigienguyen.fr\/wp-content\/uploads\/2025\/05\/MJ-BD.jpg\" alt=\"Portrait de profil de Jos\u00e9phine Baker, \u00e9treignant un de ses enfants. Ce dessin est mis en valeur dans un cadre dor\u00e9 \u00e0 larges bords, accroch\u00e9 sur un mur gris fonc\u00e9.\" class=\"wp-image-250\" srcset=\"https:\/\/art-vigienguyen.fr\/wp-content\/uploads\/2025\/05\/MJ-BD.jpg 1000w, https:\/\/art-vigienguyen.fr\/wp-content\/uploads\/2025\/05\/MJ-BD-300x300.jpg 300w, https:\/\/art-vigienguyen.fr\/wp-content\/uploads\/2025\/05\/MJ-BD-150x150.jpg 150w, https:\/\/art-vigienguyen.fr\/wp-content\/uploads\/2025\/05\/MJ-BD-768x768.jpg 768w\" sizes=\"(max-width: 1000px) 100vw, 1000px\" \/><button\n\t\t\tclass=\"lightbox-trigger\"\n\t\t\ttype=\"button\"\n\t\t\taria-haspopup=\"dialog\"\n\t\t\taria-label=\"Agrandir\"\n\t\t\tdata-wp-init=\"callbacks.initTriggerButton\"\n\t\t\tdata-wp-on--click=\"actions.showLightbox\"\n\t\t\tdata-wp-style--right=\"state.imageButtonRight\"\n\t\t\tdata-wp-style--top=\"state.imageButtonTop\"\n\t\t>\n\t\t\t<svg xmlns=\"http:\/\/www.w3.org\/2000\/svg\" width=\"12\" height=\"12\" fill=\"none\" viewBox=\"0 0 12 12\">\n\t\t\t\t<path fill=\"#fff\" d=\"M2 0a2 2 0 0 0-2 2v2h1.5V2a.5.5 0 0 1 .5-.5h2V0H2Zm2 10.5H2a.5.5 0 0 1-.5-.5V8H0v2a2 2 0 0 0 2 2h2v-1.5ZM8 12v-1.5h2a.5.5 0 0 0 .5-.5V8H12v2a2 2 0 0 1-2 2H8Zm2-12a2 2 0 0 1 2 2v2h-1.5V2a.5.5 0 0 0-.5-.5H8V0h2Z\" \/>\n\t\t\t<\/svg>\n\t\t<\/button><figcaption class=\"wp-element-caption\"><em>Image non contractuelle<\/em><\/figcaption><\/figure>\n<\/div>\n<\/div>\n\n\n\n<h3 class=\"wp-block-heading has-ast-global-color-0-color has-text-color has-link-color wp-elements-01c18631a7d4c49cd2e23eeb674e9401\" style=\"font-size:30px\">Dessin original<\/h3>\n\n\n\n<h2 class=\"wp-block-heading\">140\u20ac<\/h2>\n\n\n\n<p class=\"has-ast-global-color-1-color has-text-color has-link-color wp-elements-c7e23fe5d19ffdca72ccb41faf1babe4\"><em>Frais de livraison non inclus, \u00e0 la charge de l&rsquo;acqu\u00e9reur. Les cadres ne sont pas fournis.<\/em><\/p>\n\n\n\n<div class=\"wp-block-columns is-layout-flex wp-container-core-columns-is-layout-28f84493 wp-block-columns-is-layout-flex\">\n<div class=\"wp-block-column is-layout-flow wp-block-column-is-layout-flow\">\n<div class=\"wp-block-buttons is-layout-flex wp-block-buttons-is-layout-flex\">\n<div class=\"wp-block-button has-custom-width wp-block-button__width-100 is-style-fill\"><a class=\"wp-block-button__link has-ast-global-color-1-color has-ast-global-color-4-background-color has-text-color has-background has-link-color has-border-color has-ast-global-color-1-border-color has-medium-font-size has-custom-font-size wp-element-button\" href=\"https:\/\/art-vigienguyen.fr\/?page_id=142\" style=\"border-width:3px;border-radius:50px;padding-top:var(--wp--preset--spacing--20);padding-bottom:var(--wp--preset--spacing--20)\" target=\"_blank\" rel=\"noreferrer noopener\"><strong>Protection et exp\u00e9dition <\/strong><\/a><\/div>\n<\/div>\n<\/div>\n\n\n\n<div class=\"wp-block-column is-layout-flow wp-block-column-is-layout-flow\">\n<div class=\"wp-block-buttons is-layout-flex wp-block-buttons-is-layout-flex\">\n<div class=\"wp-block-button has-custom-width wp-block-button__width-100\"><a class=\"wp-block-button__link has-ast-global-color-1-color has-ast-global-color-4-background-color has-text-color has-background has-link-color has-border-color has-ast-global-color-1-border-color has-medium-font-size has-custom-font-size wp-element-button\" href=\"https:\/\/art-vigienguyen.fr\/?page_id=144\" style=\"border-width:3px;border-radius:50px;padding-top:var(--wp--preset--spacing--20);padding-right:var(--wp--preset--spacing--20);padding-bottom:var(--wp--preset--spacing--20);padding-left:var(--wp--preset--spacing--20)\" target=\"_blank\" rel=\"noreferrer noopener\"><strong>Authenticit\u00e9, droits d&rsquo;auteur<\/strong><\/a><\/div>\n<\/div>\n<\/div>\n\n\n\n<div class=\"wp-block-column is-vertically-aligned-center is-layout-flow wp-block-column-is-layout-flow\">\n<div class=\"wp-block-buttons is-layout-flex wp-block-buttons-is-layout-flex\">\n<div class=\"wp-block-button has-custom-width wp-block-button__width-100 is-style-outline is-style-outline--3\"><a class=\"wp-block-button__link has-ast-global-color-4-color has-ast-global-color-1-background-color has-text-color has-background has-link-color has-custom-font-size wp-element-button\" href=\"https:\/\/art-vigienguyen.fr\/?page_id=394\" style=\"border-style:none;border-width:0px;border-radius:50px;padding-top:var(--wp--preset--spacing--30);padding-right:var(--wp--preset--spacing--30);padding-bottom:var(--wp--preset--spacing--30);padding-left:var(--wp--preset--spacing--30);font-size:30px\" target=\"_blank\" rel=\"noreferrer noopener\"><strong>Commander<\/strong><\/a><\/div>\n<\/div>\n<\/div>\n<\/div>\n\n\n\n<p><\/p>\n\n\n<div class=\"swipe-nav\">\n  <a class=\"swipe-prev\" href=\"https:\/\/art-vigienguyen.fr\/?page_id=866\">\u2039<\/a><br \/>\n  <a class=\"swipe-next\" href=\"https:\/\/art-vigienguyen.fr\/?page_id=203\">\u203a<\/a>\n<\/div>","protected":false},"excerpt":{"rendered":"<p>Mom Jos\u00e9phine Hommage \u00e0 Jos\u00e9phine Baker. Loin des lumi\u00e8res, elle a endoss\u00e9 le plus beau costume de sa vie. Technique [&hellip;]<\/p>\n","protected":false},"author":1,"featured_media":0,"parent":0,"menu_order":0,"comment_status":"closed","ping_status":"closed","template":"","meta":{"site-sidebar-layout":"default","site-content-layout":"","ast-site-content-layout":"","site-content-style":"default","site-sidebar-style":"default","ast-global-header-display":"","ast-banner-title-visibility":"","ast-main-header-display":"","ast-hfb-above-header-display":"","ast-hfb-below-header-display":"","ast-hfb-mobile-header-display":"","site-post-title":"disabled","ast-breadcrumbs-content":"","ast-featured-img":"","footer-sml-layout":"","ast-disable-related-posts":"","theme-transparent-header-meta":"","adv-header-id-meta":"","stick-header-meta":"","header-above-stick-meta":"","header-main-stick-meta":"","header-below-stick-meta":"","astra-migrate-meta-layouts":"default","ast-page-background-enabled":"default","ast-page-background-meta":{"desktop":{"background-color":"var(--ast-global-color-5)","background-image":"","background-repeat":"repeat","background-position":"center center","background-size":"auto","background-attachment":"scroll","background-type":"","background-media":"","overlay-type":"","overlay-color":"","overlay-opacity":"","overlay-gradient":""},"tablet":{"background-color":"","background-image":"","background-repeat":"repeat","background-position":"center center","background-size":"auto","background-attachment":"scroll","background-type":"","background-media":"","overlay-type":"","overlay-color":"","overlay-opacity":"","overlay-gradient":""},"mobile":{"background-color":"","background-image":"","background-repeat":"repeat","background-position":"center center","background-size":"auto","background-attachment":"scroll","background-type":"","background-media":"","overlay-type":"","overlay-color":"","overlay-opacity":"","overlay-gradient":""}},"ast-content-background-meta":{"desktop":{"background-color":"var(--ast-global-color-4)","background-image":"","background-repeat":"repeat","background-position":"center center","background-size":"auto","background-attachment":"scroll","background-type":"","background-media":"","overlay-type":"","overlay-color":"","overlay-opacity":"","overlay-gradient":""},"tablet":{"background-color":"var(--ast-global-color-4)","background-image":"","background-repeat":"repeat","background-position":"center center","background-size":"auto","background-attachment":"scroll","background-type":"","background-media":"","overlay-type":"","overlay-color":"","overlay-opacity":"","overlay-gradient":""},"mobile":{"background-color":"var(--ast-global-color-4)","background-image":"","background-repeat":"repeat","background-position":"center center","background-size":"auto","background-attachment":"scroll","background-type":"","background-media":"","overlay-type":"","overlay-color":"","overlay-opacity":"","overlay-gradient":""}},"footnotes":""},"class_list":["post-193","page","type-page","status-publish","hentry"],"aioseo_notices":[],"_links":{"self":[{"href":"https:\/\/art-vigienguyen.fr\/index.php?rest_route=\/wp\/v2\/pages\/193","targetHints":{"allow":["GET"]}}],"collection":[{"href":"https:\/\/art-vigienguyen.fr\/index.php?rest_route=\/wp\/v2\/pages"}],"about":[{"href":"https:\/\/art-vigienguyen.fr\/index.php?rest_route=\/wp\/v2\/types\/page"}],"author":[{"embeddable":true,"href":"https:\/\/art-vigienguyen.fr\/index.php?rest_route=\/wp\/v2\/users\/1"}],"replies":[{"embeddable":true,"href":"https:\/\/art-vigienguyen.fr\/index.php?rest_route=%2Fwp%2Fv2%2Fcomments&post=193"}],"version-history":[{"count":25,"href":"https:\/\/art-vigienguyen.fr\/index.php?rest_route=\/wp\/v2\/pages\/193\/revisions"}],"predecessor-version":[{"id":1969,"href":"https:\/\/art-vigienguyen.fr\/index.php?rest_route=\/wp\/v2\/pages\/193\/revisions\/1969"}],"wp:attachment":[{"href":"https:\/\/art-vigienguyen.fr\/index.php?rest_route=%2Fwp%2Fv2%2Fmedia&parent=193"}],"curies":[{"name":"wp","href":"https:\/\/api.w.org\/{rel}","templated":true}]}}