{"id":394,"date":"2025-05-21T09:37:33","date_gmt":"2025-05-21T07:37:33","guid":{"rendered":"https:\/\/art-vigienguyen.fr\/?page_id=394"},"modified":"2026-03-13T10:24:54","modified_gmt":"2026-03-13T09:24:54","slug":"contact","status":"publish","type":"page","link":"https:\/\/art-vigienguyen.fr\/?page_id=394","title":{"rendered":"Contactez l&rsquo;artiste peintre et dessinatrice Vigie"},"content":{"rendered":"\n<h1 class=\"wp-block-heading\">Contacter Vigie, c&rsquo;est ici!<\/h1>\n\n\n\n<div class=\"wp-block-columns is-layout-flex wp-container-core-columns-is-layout-28f84493 wp-block-columns-is-layout-flex\">\n<div class=\"wp-block-column is-layout-flow wp-block-column-is-layout-flow\">\n<figure class=\"wp-block-image size-full is-resized\"><img fetchpriority=\"high\" decoding=\"async\" width=\"555\" height=\"406\" src=\"http:\/\/art-vigienguyen.fr\/wp-content\/uploads\/2025\/05\/VIGIE-SCRIPT2-1.png\" alt=\"\" class=\"wp-image-151\" style=\"width:180px;height:auto\" srcset=\"https:\/\/art-vigienguyen.fr\/wp-content\/uploads\/2025\/05\/VIGIE-SCRIPT2-1.png 555w, https:\/\/art-vigienguyen.fr\/wp-content\/uploads\/2025\/05\/VIGIE-SCRIPT2-1-300x219.png 300w\" sizes=\"(max-width: 555px) 100vw, 555px\" \/><\/figure>\n\n\n\n<div style=\"height:30px\" aria-hidden=\"true\" class=\"wp-block-spacer\"><\/div>\n\n\n\n<h2 class=\"wp-block-heading has-ast-global-color-0-color has-text-color has-link-color wp-elements-52091f006f52a26ab78449522ae2e909\" style=\"font-size:25px\">contact@art-vigienguyen.fr<\/h2>\n\n\n\n<h2 class=\"wp-block-heading has-ast-global-color-0-color has-text-color has-link-color has-medium-font-size wp-elements-8ef024a19e11bd58f4af65ee61cb0857\" style=\"font-size:25px\">+33 6 09 99 54 09 <\/h2>\n\n\n\n<div style=\"height:30px\" aria-hidden=\"true\" class=\"wp-block-spacer\"><\/div>\n<\/div>\n\n\n\n<div class=\"wp-block-column has-ast-global-color-1-background-color has-background is-layout-flow wp-block-column-is-layout-flow\" style=\"border-radius:43px;padding-top:var(--wp--preset--spacing--40);padding-right:var(--wp--preset--spacing--40);padding-bottom:var(--wp--preset--spacing--40);padding-left:var(--wp--preset--spacing--40)\">\n<p class=\"has-ast-global-color-4-color has-text-color has-link-color has-medium-font-size wp-elements-a9581998ea8717b95ba0cf232404e3cf\" style=\"padding-top:var(--wp--preset--spacing--30);padding-right:var(--wp--preset--spacing--30);padding-bottom:var(--wp--preset--spacing--30);padding-left:var(--wp--preset--spacing--30)\"><strong>Vous souhaitez commander une \u0153uvre originale, un tirage en \u00e9dition limit\u00e9e, me proposer une collaboration, une exposition, ou tout simplement \u00e9changer avec moi sur mon travail, c&rsquo;est avec plaisir que je r\u00e9pondrai \u00e0 votre demande. <\/strong><\/p>\n\n\n<style id=\"wpforms-css-vars-646-block-daaf5bce-e454-4ba6-b4bc-dea6fbdcfda3\">\n\t\t\t\t#wpforms-646.wpforms-block-daaf5bce-e454-4ba6-b4bc-dea6fbdcfda3 {\n\t\t\t\t--wpforms-label-color: var(--ast-global-color-4);\n--wpforms-label-sublabel-color: var(--ast-global-color-2);\n--wpforms-field-background-color: var(--ast-global-color-1);\n--wpforms-field-border-color: var(--ast-global-color-0);\n--wpforms-field-border-color-spare: var(--ast-global-color-0);\n--wpforms-field-text-color: var(--ast-global-color-4);\n--wpforms-button-border-style: solid;\n--wpforms-button-border-size: 3px;\n--wpforms-button-border-radius: 30px;\n--wpforms-button-background-color: var(--ast-global-color-2);\n--wpforms-button-text-color: var(--ast-global-color-4);\n--wpforms-button-border-color: var(--ast-global-color-4);\n--wpforms-field-size-input-height: 43px;\n--wpforms-field-size-input-spacing: 15px;\n--wpforms-field-size-font-size: 16px;\n--wpforms-field-size-line-height: 19px;\n--wpforms-field-size-padding-h: 14px;\n--wpforms-field-size-checkbox-size: 16px;\n--wpforms-field-size-sublabel-spacing: 5px;\n--wpforms-field-size-icon-size: 1;\n--wpforms-label-size-font-size: 16px;\n--wpforms-label-size-line-height: 19px;\n--wpforms-label-size-sublabel-font-size: 14px;\n--wpforms-label-size-sublabel-line-height: 17px;\n--wpforms-button-size-font-size: 20px;\n--wpforms-button-size-height: 48px;\n--wpforms-button-size-padding-h: 20px;\n--wpforms-button-size-margin-top: 15px;\n\t\t\t}\n\t\t\t<\/style><div class=\"wpforms-container wpforms-container-full wpforms-block wpforms-block-daaf5bce-e454-4ba6-b4bc-dea6fbdcfda3 wpforms-render-modern\" id=\"wpforms-646\"><form id=\"wpforms-form-646\" class=\"wpforms-validate wpforms-form wpforms-ajax-form\" data-formid=\"646\" method=\"post\" enctype=\"multipart\/form-data\" action=\"\/index.php?rest_route=%2Fwp%2Fv2%2Fpages%2F394\" data-token=\"016c74289a4b4776d57c960e2aebe70c\" data-token-time=\"1777131451\"><div class=\"wpforms-head-container\"><\/div><noscript class=\"wpforms-error-noscript\">Veuillez activer JavaScript dans votre navigateur pour remplir ce formulaire.<\/noscript><div id=\"wpforms-error-noscript\" style=\"display: none;\">Veuillez activer JavaScript dans votre navigateur pour remplir ce formulaire.<\/div><div class=\"wpforms-field-container\"><div id=\"wpforms-646-field_1-container\" class=\"wpforms-field wpforms-field-name\" data-field-id=\"1\"><fieldset><legend class=\"wpforms-field-label\">Nom <span class=\"wpforms-required-label\" aria-hidden=\"true\">*<\/span><\/legend><div class=\"wpforms-field-row wpforms-field-medium\"><div class=\"wpforms-field-row-block wpforms-first wpforms-one-half\"><input type=\"text\" id=\"wpforms-646-field_1\" class=\"wpforms-field-name-first wpforms-field-required\" name=\"wpforms[fields][1][first]\" aria-errormessage=\"wpforms-646-field_1-error\" required><label for=\"wpforms-646-field_1\" class=\"wpforms-field-sublabel after\">Pr\u00e9nom<\/label><\/div><div class=\"wpforms-field-row-block wpforms-one-half\"><input type=\"text\" id=\"wpforms-646-field_1-last\" class=\"wpforms-field-name-last wpforms-field-required\" name=\"wpforms[fields][1][last]\" aria-errormessage=\"wpforms-646-field_1-last-error\" required><label for=\"wpforms-646-field_1-last\" class=\"wpforms-field-sublabel after\">Nom<\/label><\/div><\/div><\/fieldset><\/div><div id=\"wpforms-646-field_2-container\" class=\"wpforms-field wpforms-field-email\" data-field-id=\"2\"><label class=\"wpforms-field-label\" for=\"wpforms-646-field_2\">E-mail <span class=\"wpforms-required-label\" aria-hidden=\"true\">*<\/span><\/label><input type=\"email\" id=\"wpforms-646-field_2\" class=\"wpforms-field-medium wpforms-field-required\" name=\"wpforms[fields][2]\" spellcheck=\"false\" aria-errormessage=\"wpforms-646-field_2-error\" required><\/div><div id=\"wpforms-646-field_6-container\" class=\"wpforms-field wpforms-field-number\" data-field-id=\"6\"><label class=\"wpforms-field-label\" for=\"wpforms-646-field_6\">T\u00e9l\u00e9phone<\/label><input type=\"number\" id=\"wpforms-646-field_6\" class=\"wpforms-field-small\" name=\"wpforms[fields][6]\" step=\"any\" aria-errormessage=\"wpforms-646-field_6-error\" aria-describedby=\"wpforms-646-field_6-description\" ><div id=\"wpforms-646-field_6-description\" class=\"wpforms-field-description\">Merci de pr\u00e9ciser l&rsquo;indicatif, si vous n&rsquo;\u00eates pas en FRANCE<\/div><\/div><div id=\"wpforms-646-field_3-container\" class=\"wpforms-field wpforms-field-select wpforms-field-select-style-classic\" data-field-id=\"3\"><label class=\"wpforms-field-label\" for=\"wpforms-646-field_3\">Sujet de votre message <span class=\"wpforms-required-label\" aria-hidden=\"true\">*<\/span><\/label><select id=\"wpforms-646-field_3\" class=\"wpforms-field-medium wpforms-field-required\" name=\"wpforms[fields][3]\" required=\"required\"><option value=\"Je souhaite des informations ...\"  selected='selected' class=\"choice-1 depth-1\"  >Je souhaite des informations &#8230;<\/option><option value=\"Je souhaite commander ...\"  class=\"choice-2 depth-1\"  >Je souhaite commander &#8230;<\/option><option value=\"Autre ...\"  class=\"choice-3 depth-1\"  >Autre &#8230;<\/option><\/select><\/div><div id=\"wpforms-646-field_4-container\" class=\"wpforms-field wpforms-field-textarea\" data-field-id=\"4\"><label class=\"wpforms-field-label\" for=\"wpforms-646-field_4\">Votre message  <span class=\"wpforms-required-label\" aria-hidden=\"true\">*<\/span><\/label><textarea id=\"wpforms-646-field_4\" class=\"wpforms-field-large wpforms-field-required\" name=\"wpforms[fields][4]\" aria-errormessage=\"wpforms-646-field_4-error\" aria-describedby=\"wpforms-646-field_4-description\" required><\/textarea><div id=\"wpforms-646-field_4-description\" class=\"wpforms-field-description\">Soyez le plus pr\u00e9cis possible<\/div><\/div>\t\t<div id=\"wpforms-646-field_7-container\"\n\t\t\tclass=\"wpforms-field wpforms-field-text\"\n\t\t\tdata-field-type=\"text\"\n\t\t\tdata-field-id=\"7\"\n\t\t\t>\n\t\t\t<label class=\"wpforms-field-label\" for=\"wpforms-646-field_7\" >de et l&#039;adresse<\/label>\n\t\t\t<input type=\"text\" id=\"wpforms-646-field_7\" class=\"wpforms-field-medium\" name=\"wpforms[fields][7]\" >\n\t\t<\/div>\n\t\t<div id=\"wpforms-646-field_5-container\" class=\"wpforms-field wpforms-field-textarea\" data-field-id=\"5\"><label class=\"wpforms-field-label\" for=\"wpforms-646-field_5\">Pour les commandes, merci de renseigner l&#039;adresse de livraison ( et de facturation si diff\u00e9rente)<\/label><textarea id=\"wpforms-646-field_5\" class=\"wpforms-field-medium\" name=\"wpforms[fields][5]\" aria-errormessage=\"wpforms-646-field_5-error\" ><\/textarea><\/div><script>\n\t\t\t\t( function() {\n\t\t\t\t\tconst style = document.createElement( 'style' );\n\t\t\t\t\tstyle.appendChild( document.createTextNode( '#wpforms-646-field_7-container { position: absolute !important; overflow: hidden !important; display: inline !important; height: 1px !important; width: 1px !important; z-index: -1000 !important; padding: 0 !important; } #wpforms-646-field_7-container input { visibility: hidden; } #wpforms-conversational-form-page #wpforms-646-field_7-container label { counter-increment: none; }' ) );\n\t\t\t\t\tdocument.head.appendChild( style );\n\t\t\t\t\tdocument.currentScript?.remove();\n\t\t\t\t} )();\n\t\t\t<\/script><\/div><!-- .wpforms-field-container --><div class=\"wpforms-submit-container\" ><input type=\"hidden\" name=\"wpforms[id]\" value=\"646\"><input type=\"hidden\" name=\"page_title\" value=\"\"><input type=\"hidden\" name=\"page_url\" value=\"https:\/\/art-vigienguyen.fr\/index.php?rest_route=\/wp\/v2\/pages\/394\"><input type=\"hidden\" name=\"url_referer\" value=\"\"><button type=\"submit\" name=\"wpforms[submit]\" id=\"wpforms-submit-646\" class=\"wpforms-submit\" data-alt-text=\"Envoi...\" data-submit-text=\"Envoyer\" aria-live=\"assertive\" value=\"wpforms-submit\">Envoyer<\/button><img decoding=\"async\" src=\"https:\/\/art-vigienguyen.fr\/wp-content\/plugins\/wpforms-lite\/assets\/images\/submit-spin.svg\" class=\"wpforms-submit-spinner\" style=\"display: none;\" width=\"26\" height=\"26\" alt=\"Chargement en cours\"><\/div><\/form><\/div>  <!-- .wpforms-container -->\n\n\n<p class=\"has-text-align-center\"><a href=\"https:\/\/art-vigienguyen.fr\/?page_id=138\" target=\"_blank\" rel=\"noreferrer noopener\">Consultez les CGV<\/a><\/p>\n<\/div>\n<\/div>\n\n\n\n<p><\/p>\n","protected":false},"excerpt":{"rendered":"<p>Contacter Vigie, c&rsquo;est ici! contact@art-vigienguyen.fr +33 6 09 99 54 09 Vous souhaitez commander une \u0153uvre originale, un tirage en [&hellip;]<\/p>\n","protected":false},"author":1,"featured_media":0,"parent":0,"menu_order":0,"comment_status":"closed","ping_status":"closed","template":"","meta":{"site-sidebar-layout":"default","site-content-layout":"","ast-site-content-layout":"","site-content-style":"default","site-sidebar-style":"default","ast-global-header-display":"","ast-banner-title-visibility":"","ast-main-header-display":"","ast-hfb-above-header-display":"","ast-hfb-below-header-display":"","ast-hfb-mobile-header-display":"","site-post-title":"disabled","ast-breadcrumbs-content":"","ast-featured-img":"","footer-sml-layout":"","ast-disable-related-posts":"","theme-transparent-header-meta":"","adv-header-id-meta":"","stick-header-meta":"","header-above-stick-meta":"","header-main-stick-meta":"","header-below-stick-meta":"","astra-migrate-meta-layouts":"default","ast-page-background-enabled":"default","ast-page-background-meta":{"desktop":{"background-color":"var(--ast-global-color-5)","background-image":"","background-repeat":"repeat","background-position":"center center","background-size":"auto","background-attachment":"scroll","background-type":"","background-media":"","overlay-type":"","overlay-color":"","overlay-opacity":"","overlay-gradient":""},"tablet":{"background-color":"","background-image":"","background-repeat":"repeat","background-position":"center center","background-size":"auto","background-attachment":"scroll","background-type":"","background-media":"","overlay-type":"","overlay-color":"","overlay-opacity":"","overlay-gradient":""},"mobile":{"background-color":"","background-image":"","background-repeat":"repeat","background-position":"center center","background-size":"auto","background-attachment":"scroll","background-type":"","background-media":"","overlay-type":"","overlay-color":"","overlay-opacity":"","overlay-gradient":""}},"ast-content-background-meta":{"desktop":{"background-color":"var(--ast-global-color-4)","background-image":"","background-repeat":"repeat","background-position":"center center","background-size":"auto","background-attachment":"scroll","background-type":"","background-media":"","overlay-type":"","overlay-color":"","overlay-opacity":"","overlay-gradient":""},"tablet":{"background-color":"var(--ast-global-color-4)","background-image":"","background-repeat":"repeat","background-position":"center center","background-size":"auto","background-attachment":"scroll","background-type":"","background-media":"","overlay-type":"","overlay-color":"","overlay-opacity":"","overlay-gradient":""},"mobile":{"background-color":"var(--ast-global-color-4)","background-image":"","background-repeat":"repeat","background-position":"center center","background-size":"auto","background-attachment":"scroll","background-type":"","background-media":"","overlay-type":"","overlay-color":"","overlay-opacity":"","overlay-gradient":""}},"footnotes":""},"class_list":["post-394","page","type-page","status-publish","hentry"],"aioseo_notices":[],"_links":{"self":[{"href":"https:\/\/art-vigienguyen.fr\/index.php?rest_route=\/wp\/v2\/pages\/394","targetHints":{"allow":["GET"]}}],"collection":[{"href":"https:\/\/art-vigienguyen.fr\/index.php?rest_route=\/wp\/v2\/pages"}],"about":[{"href":"https:\/\/art-vigienguyen.fr\/index.php?rest_route=\/wp\/v2\/types\/page"}],"author":[{"embeddable":true,"href":"https:\/\/art-vigienguyen.fr\/index.php?rest_route=\/wp\/v2\/users\/1"}],"replies":[{"embeddable":true,"href":"https:\/\/art-vigienguyen.fr\/index.php?rest_route=%2Fwp%2Fv2%2Fcomments&post=394"}],"version-history":[{"count":26,"href":"https:\/\/art-vigienguyen.fr\/index.php?rest_route=\/wp\/v2\/pages\/394\/revisions"}],"predecessor-version":[{"id":1506,"href":"https:\/\/art-vigienguyen.fr\/index.php?rest_route=\/wp\/v2\/pages\/394\/revisions\/1506"}],"wp:attachment":[{"href":"https:\/\/art-vigienguyen.fr\/index.php?rest_route=%2Fwp%2Fv2%2Fmedia&parent=394"}],"curies":[{"name":"wp","href":"https:\/\/api.w.org\/{rel}","templated":true}]}}