{"id":866,"date":"2025-06-10T15:19:33","date_gmt":"2025-06-10T13:19:33","guid":{"rendered":"https:\/\/art-vigienguyen.fr\/?page_id=866"},"modified":"2026-03-13T15:39:41","modified_gmt":"2026-03-13T14:39:41","slug":"simone-2","status":"publish","type":"page","link":"https:\/\/art-vigienguyen.fr\/?page_id=866","title":{"rendered":"Portrait de Simone Veil  par l&rsquo;artiste Vigie NGUYEN."},"content":{"rendered":"\n<h1 class=\"wp-block-heading\">Simone<\/h1>\n\n\n\n<h3 class=\"wp-block-heading\"><em>Hommage \u00e0 Simone Veil, survivante lumineuse, battante infatigable, qui \u00e9claire la voie de la libert\u00e9.<\/em><\/h3>\n\n\n\n<div class=\"wp-block-columns is-layout-flex wp-container-core-columns-is-layout-28f84493 wp-block-columns-is-layout-flex\">\n<div class=\"wp-block-column is-layout-flow wp-block-column-is-layout-flow\">\n<figure data-wp-context=\"{&quot;imageId&quot;:&quot;69ecf87e5e5dd&quot;}\" data-wp-interactive=\"core\/image\" data-wp-key=\"69ecf87e5e5dd\" class=\"wp-block-image size-full has-custom-border wp-duotone-unset-1 wp-lightbox-container\"><img fetchpriority=\"high\" decoding=\"async\" width=\"1000\" height=\"921\" data-wp-class--hide=\"state.isContentHidden\" data-wp-class--show=\"state.isContentVisible\" data-wp-init=\"callbacks.setButtonStyles\" data-wp-on--click=\"actions.showLightbox\" data-wp-on--load=\"callbacks.setButtonStyles\" data-wp-on-window--resize=\"callbacks.setButtonStyles\" src=\"http:\/\/art-vigienguyen.fr\/wp-content\/uploads\/2025\/06\/Simone.jpg\" alt=\"Portrait de Simone Veil, qui regarde le spectateur.\" class=\"has-border-color has-ast-global-color-1-border-color wp-image-860\" style=\"border-width:1px\" srcset=\"https:\/\/art-vigienguyen.fr\/wp-content\/uploads\/2025\/06\/Simone.jpg 1000w, https:\/\/art-vigienguyen.fr\/wp-content\/uploads\/2025\/06\/Simone-300x276.jpg 300w, https:\/\/art-vigienguyen.fr\/wp-content\/uploads\/2025\/06\/Simone-768x707.jpg 768w\" sizes=\"(max-width: 1000px) 100vw, 1000px\" \/><button\n\t\t\tclass=\"lightbox-trigger\"\n\t\t\ttype=\"button\"\n\t\t\taria-haspopup=\"dialog\"\n\t\t\taria-label=\"Agrandir\"\n\t\t\tdata-wp-init=\"callbacks.initTriggerButton\"\n\t\t\tdata-wp-on--click=\"actions.showLightbox\"\n\t\t\tdata-wp-style--right=\"state.imageButtonRight\"\n\t\t\tdata-wp-style--top=\"state.imageButtonTop\"\n\t\t>\n\t\t\t<svg xmlns=\"http:\/\/www.w3.org\/2000\/svg\" width=\"12\" height=\"12\" fill=\"none\" viewBox=\"0 0 12 12\">\n\t\t\t\t<path fill=\"#fff\" d=\"M2 0a2 2 0 0 0-2 2v2h1.5V2a.5.5 0 0 1 .5-.5h2V0H2Zm2 10.5H2a.5.5 0 0 1-.5-.5V8H0v2a2 2 0 0 0 2 2h2v-1.5ZM8 12v-1.5h2a.5.5 0 0 0 .5-.5V8H12v2a2 2 0 0 1-2 2H8Zm2-12a2 2 0 0 1 2 2v2h-1.5V2a.5.5 0 0 0-.5-.5H8V0h2Z\" \/>\n\t\t\t<\/svg>\n\t\t<\/button><figcaption class=\"wp-element-caption\">\u00a9 Virginie NGUYEN QUANG<\/figcaption><\/figure>\n<\/div>\n\n\n\n<div class=\"wp-block-column is-layout-flow wp-block-column-is-layout-flow\">\n<h3 class=\"wp-block-heading has-ast-global-color-2-color has-text-color has-link-color wp-elements-5f6b17e4cfcd5ecfc0e36a704ec7d6fa\" style=\"font-size:30px;line-height:2\">Technique<\/h3>\n\n\n\n<p class=\"has-ast-global-color-3-color has-text-color has-link-color has-medium-font-size wp-elements-96a50ef54be344159cd4549be48bb962\" style=\"line-height:0\"><br>Dessin aux mines graphites,<\/p>\n\n\n\n<p class=\"has-ast-global-color-3-color has-text-color has-link-color has-medium-font-size wp-elements-12ad088c65cabf2e2b6dbfa5d78cefe7\" style=\"line-height:0\">sur papier canson blanc.<\/p>\n\n\n\n<h3 class=\"wp-block-heading has-ast-global-color-0-color has-text-color has-link-color wp-elements-448c3b9451dc88fdcb448d151c6d01d6\" style=\"font-size:30px;line-height:2\">Dimensions<\/h3>\n\n\n\n<p class=\"has-ast-global-color-3-color has-text-color has-link-color has-medium-font-size wp-elements-f7cab6f989fb061aaf5913d1e4c69164\" style=\"line-height:0\"><br>29,7 X 32 cm<\/p>\n\n\n\n<h3 class=\"wp-block-heading has-ast-global-color-0-color has-text-color has-link-color wp-elements-ea2ff13edb2294d714ca412ec688ebb6\" style=\"font-size:30px;line-height:2\">Ann\u00e9e<\/h3>\n\n\n\n<p class=\"has-medium-font-size\" style=\"line-height:0\">2020<\/p>\n\n\n\n<div style=\"height:100px\" aria-hidden=\"true\" class=\"wp-block-spacer\"><\/div>\n\n\n\n<figure data-wp-context=\"{&quot;imageId&quot;:&quot;69ecf87e5ee36&quot;}\" data-wp-interactive=\"core\/image\" data-wp-key=\"69ecf87e5ee36\" class=\"wp-block-image size-full wp-lightbox-container\"><img decoding=\"async\" width=\"1000\" height=\"771\" data-wp-class--hide=\"state.isContentHidden\" data-wp-class--show=\"state.isContentVisible\" data-wp-init=\"callbacks.setButtonStyles\" data-wp-on--click=\"actions.showLightbox\" data-wp-on--load=\"callbacks.setButtonStyles\" data-wp-on-window--resize=\"callbacks.setButtonStyles\" src=\"http:\/\/art-vigienguyen.fr\/wp-content\/uploads\/2025\/06\/Simone_situation.jpg\" alt=\"Portrait de Simone Veil, qui regarde le spectateur, encadr\u00e9 et pos\u00e9 sur un meuble \u00e0 cot\u00e9 d'une pile de livres.\" class=\"wp-image-859\" srcset=\"https:\/\/art-vigienguyen.fr\/wp-content\/uploads\/2025\/06\/Simone_situation.jpg 1000w, https:\/\/art-vigienguyen.fr\/wp-content\/uploads\/2025\/06\/Simone_situation-300x231.jpg 300w, https:\/\/art-vigienguyen.fr\/wp-content\/uploads\/2025\/06\/Simone_situation-768x592.jpg 768w\" sizes=\"(max-width: 1000px) 100vw, 1000px\" \/><button\n\t\t\tclass=\"lightbox-trigger\"\n\t\t\ttype=\"button\"\n\t\t\taria-haspopup=\"dialog\"\n\t\t\taria-label=\"Agrandir\"\n\t\t\tdata-wp-init=\"callbacks.initTriggerButton\"\n\t\t\tdata-wp-on--click=\"actions.showLightbox\"\n\t\t\tdata-wp-style--right=\"state.imageButtonRight\"\n\t\t\tdata-wp-style--top=\"state.imageButtonTop\"\n\t\t>\n\t\t\t<svg xmlns=\"http:\/\/www.w3.org\/2000\/svg\" width=\"12\" height=\"12\" fill=\"none\" viewBox=\"0 0 12 12\">\n\t\t\t\t<path fill=\"#fff\" d=\"M2 0a2 2 0 0 0-2 2v2h1.5V2a.5.5 0 0 1 .5-.5h2V0H2Zm2 10.5H2a.5.5 0 0 1-.5-.5V8H0v2a2 2 0 0 0 2 2h2v-1.5ZM8 12v-1.5h2a.5.5 0 0 0 .5-.5V8H12v2a2 2 0 0 1-2 2H8Zm2-12a2 2 0 0 1 2 2v2h-1.5V2a.5.5 0 0 0-.5-.5H8V0h2Z\" \/>\n\t\t\t<\/svg>\n\t\t<\/button><figcaption class=\"wp-element-caption\"><em>Image non contractuelle<\/em><\/figcaption><\/figure>\n<\/div>\n<\/div>\n\n\n\n<h3 class=\"wp-block-heading has-ast-global-color-0-color has-text-color has-link-color wp-elements-a919fb587da9ab0d8d395ce08ba9722a\" style=\"font-size:30px\">Dessin original<\/h3>\n\n\n\n<h2 class=\"wp-block-heading\">40\u20ac<\/h2>\n\n\n\n<p class=\"has-ast-global-color-1-color has-text-color has-link-color wp-elements-c7e23fe5d19ffdca72ccb41faf1babe4\"><em>Frais de livraison non inclus, \u00e0 la charge de l&rsquo;acqu\u00e9reur. Les cadres ne sont pas fournis.<\/em><\/p>\n\n\n\n<div class=\"wp-block-columns is-layout-flex wp-container-core-columns-is-layout-28f84493 wp-block-columns-is-layout-flex\">\n<div class=\"wp-block-column is-layout-flow wp-block-column-is-layout-flow\">\n<div class=\"wp-block-buttons is-layout-flex wp-block-buttons-is-layout-flex\">\n<div class=\"wp-block-button has-custom-width wp-block-button__width-100 is-style-fill\"><a class=\"wp-block-button__link has-ast-global-color-1-color has-ast-global-color-4-background-color has-text-color has-background has-link-color has-border-color has-ast-global-color-1-border-color has-medium-font-size has-custom-font-size wp-element-button\" href=\"https:\/\/art-vigienguyen.fr\/?page_id=142\" style=\"border-width:3px;border-radius:50px;padding-top:var(--wp--preset--spacing--20);padding-bottom:var(--wp--preset--spacing--20)\" target=\"_blank\" rel=\"noreferrer noopener\"><strong>Protection et exp\u00e9dition <\/strong><\/a><\/div>\n<\/div>\n<\/div>\n\n\n\n<div class=\"wp-block-column is-layout-flow wp-block-column-is-layout-flow\">\n<div class=\"wp-block-buttons is-layout-flex wp-block-buttons-is-layout-flex\">\n<div class=\"wp-block-button has-custom-width wp-block-button__width-100\"><a class=\"wp-block-button__link has-ast-global-color-1-color has-ast-global-color-4-background-color has-text-color has-background has-link-color has-border-color has-ast-global-color-1-border-color has-medium-font-size has-custom-font-size wp-element-button\" href=\"https:\/\/art-vigienguyen.fr\/?page_id=144\" style=\"border-width:3px;border-radius:50px;padding-top:var(--wp--preset--spacing--20);padding-right:var(--wp--preset--spacing--20);padding-bottom:var(--wp--preset--spacing--20);padding-left:var(--wp--preset--spacing--20)\" target=\"_blank\" rel=\"noreferrer noopener\"><strong>Authenticit\u00e9, droits d&rsquo;auteur<\/strong><\/a><\/div>\n<\/div>\n<\/div>\n\n\n\n<div class=\"wp-block-column is-vertically-aligned-center is-layout-flow wp-block-column-is-layout-flow\">\n<div class=\"wp-block-buttons is-layout-flex wp-block-buttons-is-layout-flex\">\n<div class=\"wp-block-button has-custom-width wp-block-button__width-100 is-style-outline is-style-outline--2\"><a class=\"wp-block-button__link has-ast-global-color-4-color has-ast-global-color-1-background-color has-text-color has-background has-link-color has-custom-font-size wp-element-button\" href=\"https:\/\/art-vigienguyen.fr\/?page_id=394\" style=\"border-style:none;border-width:0px;border-radius:50px;padding-top:var(--wp--preset--spacing--30);padding-right:var(--wp--preset--spacing--30);padding-bottom:var(--wp--preset--spacing--30);padding-left:var(--wp--preset--spacing--30);font-size:30px\" target=\"_blank\" rel=\"noreferrer noopener\"><strong>Commander<\/strong><\/a><\/div>\n<\/div>\n<\/div>\n<\/div>\n\n\n\n<p><\/p>\n\n\n<div class=\"swipe-nav\">\n  <a class=\"swipe-prev\" href=\"https:\/\/art-vigienguyen.fr\/?page_id=195\">\u2039<\/a><br \/>\n  <a class=\"swipe-next\" href=\"https:\/\/art-vigienguyen.fr\/?page_id=193\">\u203a<\/a>\n<\/div>","protected":false},"excerpt":{"rendered":"<p>Simone Hommage \u00e0 Simone Veil, survivante lumineuse, battante infatigable, qui \u00e9claire la voie de la libert\u00e9. Technique Dessin aux mines [&hellip;]<\/p>\n","protected":false},"author":1,"featured_media":0,"parent":0,"menu_order":0,"comment_status":"closed","ping_status":"closed","template":"","meta":{"site-sidebar-layout":"default","site-content-layout":"","ast-site-content-layout":"","site-content-style":"default","site-sidebar-style":"default","ast-global-header-display":"","ast-banner-title-visibility":"","ast-main-header-display":"","ast-hfb-above-header-display":"","ast-hfb-below-header-display":"","ast-hfb-mobile-header-display":"","site-post-title":"disabled","ast-breadcrumbs-content":"","ast-featured-img":"","footer-sml-layout":"","ast-disable-related-posts":"","theme-transparent-header-meta":"","adv-header-id-meta":"","stick-header-meta":"","header-above-stick-meta":"","header-main-stick-meta":"","header-below-stick-meta":"","astra-migrate-meta-layouts":"default","ast-page-background-enabled":"default","ast-page-background-meta":{"desktop":{"background-color":"var(--ast-global-color-5)","background-image":"","background-repeat":"repeat","background-position":"center center","background-size":"auto","background-attachment":"scroll","background-type":"","background-media":"","overlay-type":"","overlay-color":"","overlay-opacity":"","overlay-gradient":""},"tablet":{"background-color":"","background-image":"","background-repeat":"repeat","background-position":"center center","background-size":"auto","background-attachment":"scroll","background-type":"","background-media":"","overlay-type":"","overlay-color":"","overlay-opacity":"","overlay-gradient":""},"mobile":{"background-color":"","background-image":"","background-repeat":"repeat","background-position":"center center","background-size":"auto","background-attachment":"scroll","background-type":"","background-media":"","overlay-type":"","overlay-color":"","overlay-opacity":"","overlay-gradient":""}},"ast-content-background-meta":{"desktop":{"background-color":"var(--ast-global-color-4)","background-image":"","background-repeat":"repeat","background-position":"center center","background-size":"auto","background-attachment":"scroll","background-type":"","background-media":"","overlay-type":"","overlay-color":"","overlay-opacity":"","overlay-gradient":""},"tablet":{"background-color":"var(--ast-global-color-4)","background-image":"","background-repeat":"repeat","background-position":"center center","background-size":"auto","background-attachment":"scroll","background-type":"","background-media":"","overlay-type":"","overlay-color":"","overlay-opacity":"","overlay-gradient":""},"mobile":{"background-color":"var(--ast-global-color-4)","background-image":"","background-repeat":"repeat","background-position":"center center","background-size":"auto","background-attachment":"scroll","background-type":"","background-media":"","overlay-type":"","overlay-color":"","overlay-opacity":"","overlay-gradient":""}},"footnotes":""},"class_list":["post-866","page","type-page","status-publish","hentry"],"aioseo_notices":[],"_links":{"self":[{"href":"https:\/\/art-vigienguyen.fr\/index.php?rest_route=\/wp\/v2\/pages\/866","targetHints":{"allow":["GET"]}}],"collection":[{"href":"https:\/\/art-vigienguyen.fr\/index.php?rest_route=\/wp\/v2\/pages"}],"about":[{"href":"https:\/\/art-vigienguyen.fr\/index.php?rest_route=\/wp\/v2\/types\/page"}],"author":[{"embeddable":true,"href":"https:\/\/art-vigienguyen.fr\/index.php?rest_route=\/wp\/v2\/users\/1"}],"replies":[{"embeddable":true,"href":"https:\/\/art-vigienguyen.fr\/index.php?rest_route=%2Fwp%2Fv2%2Fcomments&post=866"}],"version-history":[{"count":20,"href":"https:\/\/art-vigienguyen.fr\/index.php?rest_route=\/wp\/v2\/pages\/866\/revisions"}],"predecessor-version":[{"id":1970,"href":"https:\/\/art-vigienguyen.fr\/index.php?rest_route=\/wp\/v2\/pages\/866\/revisions\/1970"}],"wp:attachment":[{"href":"https:\/\/art-vigienguyen.fr\/index.php?rest_route=%2Fwp%2Fv2%2Fmedia&parent=866"}],"curies":[{"name":"wp","href":"https:\/\/api.w.org\/{rel}","templated":true}]}}